{"id":103,"date":"2018-09-18T03:11:12","date_gmt":"2018-09-18T03:11:12","guid":{"rendered":"https:\/\/easylex.000webhostapp.com\/?page_id=103"},"modified":"2025-04-22T15:36:53","modified_gmt":"2025-04-22T15:36:53","slug":"registra-tu-marca","status":"publish","type":"page","link":"https:\/\/easylex.com\/startup101\/registra-tu-marca\/","title":{"rendered":"Registra tu marca"},"content":{"rendered":"<h2>Registra tu marca<\/h2>\n<p>Tu marca es, sin duda, un factor muy importante para conseguir clientes y ser exitoso, pero \u00bfsabes en realidad qu\u00e9 es una marca y c\u00f3mo protegerla?<\/p>\n<p><strong>\u00bfQu\u00e9 es una marca?<\/strong><\/p>\n<p>Se considera marca, el nombre, la figura, letras, formas tridimensionales o la combinaci\u00f3n de alguno, o todos los elementos anteriores que distinguen productos o servicios de otros es la misma clase.<\/p>\n<p>Es muy importante protegerla, ya que as\u00ed ser\u00e1s reconocido por tus clientes, podr\u00e1s hacerte publicidad y tendr\u00e1s la seguridad de que no hay otro como t\u00fa en el mercado.<\/p>\n<p>Las marcas se dividen en 45 clases dependiendo del producto o servicio que representan, es importante que identifiques a qu\u00e9 clase pertenece tu marca para que la registres correctamente.<\/p>\n<p>Puedes consultar la clasificaci\u00f3n <a href=\"https:\/\/clasniza.impi.gob.mx\/clases\" target=\"_blank\" rel=\"noopener\"><strong>aqu\u00ed<\/strong><\/a>.<\/p>\n<p><strong>\u00bfSe puede proteger?<\/strong><\/p>\n<p>No solo se puede, se debe proteger; de esta forma evitar\u00e1s que otras personas la utilicen y que exista otro igual en el mercado.<\/p>\n<p><strong>\u00bfC\u00f3mo se protege?<\/strong><\/p>\n<p>La autoridad encargada de proteger las marcas, es el Instituto Mexicano de la Propiedad Industrial (IMPI); debes presentar una solicitud de registro y ellos aprobar\u00e1n\/negar\u00e1n el registro.<\/p>\n<p>Una vez que se apruebe tu registro tendr\u00e1s la titularidad de la marca, derechos econ\u00f3micos (venderla, otorgarla en licencia, comercializar con ella) y derechos morales (que se te reconozca como due\u00f1o).<\/p>\n<p><strong>\u00bfCu\u00e1nto dura la protecci\u00f3n?<\/strong><\/p>\n<p>El registro de marca tiene una protecci\u00f3n de 10 a\u00f1os y puedes renovarla las veces que quieras.<\/p>\n<p>Ojo, en caso de que no la renueves, pierdes el derecho sobre la marca y cualquier otra persona podr\u00eda registrarla. El primero que solicite el registro es el que tiene el derecho sobre ella.<\/p>\n<p><strong>\u00bfQu\u00e9 necesito para registrarla?<\/strong><\/p>\n<p>\u2022 Solicitud de registro completa.<br \/>\n\u2022 Comprobante de pago.<br \/>\n\u2022 En caso de hacer el registro a nombre de una empresa, necesitas el documento que acredite la personalidad del representante legal.<\/p>\n<p><strong>\u00bfTiene costo?<\/strong><\/p>\n<p>S\u00ed,\u00a0<span style=\"font-weight: 400;\">en EasyLex podemos realizar todo el proceso de registro de marca por ti, desde la b\u00fasqueda previa hasta la solicitud de registro.<\/span><\/p>\n<ul>\n<li><span style=\"font-weight: 400;\">Cada b\u00fasqueda tiene un costo de $1,599 + IVA.\u00a0<\/span><\/li>\n<\/ul>\n<p><span style=\"font-weight: 400;\">Al realizarla te entregaremos un dictamen de la viabilidad de la solicitud para que decidas solicitarla o hacer ajustes.<\/span><\/p>\n<ul>\n<li style=\"font-weight: 400;\" aria-level=\"1\"><span style=\"font-weight: 400;\">El <\/span><span style=\"font-weight: 400;\">tr\u00e1mite<\/span><span style=\"font-weight: 400;\"> de solicitud de registro de marca tiene un costo de $4,999 + IVA.<\/span><\/li>\n<\/ul>\n<p><span style=\"font-weight: 400;\">Este costo ya incluye el costo del tr\u00e1mite ante el IMPI, seguimiento a requerimientos y en caso de aprobaci\u00f3n, la emisi\u00f3n del t\u00edtulo.<\/span><\/p>\n<p><span style=\"font-weight: 400;\">Puedes iniciar tu solicitud <strong><a href=\"https:\/\/easylex.com\/marca\/?utm_campaign=Compra%20Registro%20de%20Marca&amp;utm_source=Startup%20101&amp;utm_medium=cta%20en%20texto\">aqu\u00ed<\/a><\/strong>.\u00a0\u00a0<\/span><\/p>\n<p><strong>\u00bfD\u00f3nde puedo realizarla?<\/strong><\/p>\n<p><span style=\"font-weight: 400;\">Lo m\u00e1s f\u00e1cil es que <a href=\"https:\/\/easylex.com\/marca\/?utm_campaign=Compra%20Registro%20de%20Marca&amp;utm_source=Startup%20101&amp;utm_medium=cta%20en%20texto\"><strong>Easylex<\/strong><\/a> lo haga por t\u00ed. Puedes realizar tu solicitud <strong><a href=\"https:\/\/easylex.com\/marca\/?utm_campaign=Compra%20Registro%20de%20Marca&amp;utm_source=Startup%20101&amp;utm_medium=cta%20en%20texto\">aqu\u00ed<\/a><\/strong>.<\/span><\/p>\n<p><span style=\"font-weight: 400;\">Si decides hacerlo por tu cuenta deber\u00e1s de seguir los siguientes pasos:<\/span><\/p>\n<p><strong>&#8211; Presencial<\/strong><br \/>\n1. Llenar solicitud disponible <a href=\"https:\/\/www.gob.mx\/impi\/acciones-y-programas\/servicios-que-ofrece-el-impi-formatos\" target=\"_blank\" rel=\"noopener\"><strong>aqu\u00ed<\/strong><\/a> y adjunta los anexos necesarios.<br \/>\n2. Pagar.<br \/>\n3. Acudir a las oficinas del IMPI.<br \/>\n4. Presentar solicitud y anexos \u2192 recibir\u00e1s un acuse de recibo que es importante conserves.<br \/>\n5. Consultar <a href=\"https:\/\/acervomarcas.impi.gob.mx:8181\/\" target=\"_blank\" rel=\"noopener\"><strong>MARCANET<\/strong><\/a> constantemente para conocer el estatus de tu solicitud.<br \/>\n6. Esperar la aprobaci\u00f3n o rechazo (el tiempo aproximado de respuesta es de 3 meses).<\/p>\n<p><strong>&#8211; En l\u00ednea<\/strong><\/p>\n<p>1. Llenar tu solicitud y adjuntar los anexos en formato PDF.<br \/>\n2. Contar con tu e.firma o la de tu empresa, en su caso.<br \/>\n3. Registrarte en el Portal de Pagos y Servicios Electr\u00f3nicos del IMPI <a href=\"https:\/\/eservicios.impi.gob.mx\/seimpi\/\" target=\"_blank\" rel=\"noopener\"><strong>aqu\u00ed<\/strong><\/a><br \/>\n4. Realizar el pago en el banco o en la plataforma del IMPI (puedes pagar o <a href=\"https:\/\/eservicios.impi.gob.mx\/seimpi\/action\/filtroCapturaConceptosPagarTarifaVigente\" target=\"_blank\" rel=\"noopener\"><strong>imprimir tu ficha aqu\u00ed<\/strong><\/a>)<br \/>\n5. Firma tu solicitud con tu e.firma o la de tu empresa.<br \/>\n6. Descarga el acuse de presentaci\u00f3n<br \/>\n7. Consultar <a href=\"https:\/\/acervomarcas.impi.gob.mx:8181\/\" target=\"_blank\" rel=\"noopener\"><strong>MARCANET<\/strong><\/a> constantemente para conocer el estatus de tu solicitud.<br \/>\n8. Esperar la aprobaci\u00f3n o rechazo (el tiempo aproximado de respuesta es de 6 meses).<\/p>\n","protected":false},"excerpt":{"rendered":"<p>Registra tu marca Tu marca es, sin duda, un factor muy importante para conseguir clientes y ser exitoso, pero \u00bfsabes en realidad qu\u00e9 es una marca y c\u00f3mo protegerla? \u00bfQu\u00e9 es una marca? Se considera marca, el nombre, la figura, letras, formas tridimensionales o la combinaci\u00f3n de alguno, o todos los elementos anteriores que distinguen [&hellip;]<\/p>\n","protected":false},"author":1,"featured_media":0,"parent":0,"menu_order":0,"comment_status":"closed","ping_status":"closed","template":"","meta":{"om_disable_all_campaigns":false,"_monsterinsights_skip_tracking":false,"_monsterinsights_sitenote_active":false,"_monsterinsights_sitenote_note":"","_monsterinsights_sitenote_category":0,"footnotes":""},"class_list":["post-103","page","type-page","status-publish","hentry"],"aioseo_notices":[],"_links":{"self":[{"href":"https:\/\/easylex.com\/startup101\/wp-json\/wp\/v2\/pages\/103","targetHints":{"allow":["GET"]}}],"collection":[{"href":"https:\/\/easylex.com\/startup101\/wp-json\/wp\/v2\/pages"}],"about":[{"href":"https:\/\/easylex.com\/startup101\/wp-json\/wp\/v2\/types\/page"}],"author":[{"embeddable":true,"href":"https:\/\/easylex.com\/startup101\/wp-json\/wp\/v2\/users\/1"}],"replies":[{"embeddable":true,"href":"https:\/\/easylex.com\/startup101\/wp-json\/wp\/v2\/comments?post=103"}],"version-history":[{"count":27,"href":"https:\/\/easylex.com\/startup101\/wp-json\/wp\/v2\/pages\/103\/revisions"}],"predecessor-version":[{"id":485,"href":"https:\/\/easylex.com\/startup101\/wp-json\/wp\/v2\/pages\/103\/revisions\/485"}],"wp:attachment":[{"href":"https:\/\/easylex.com\/startup101\/wp-json\/wp\/v2\/media?parent=103"}],"curies":[{"name":"wp","href":"https:\/\/api.w.org\/{rel}","templated":true}]}}