{"id":105,"date":"2018-09-18T03:11:49","date_gmt":"2018-09-18T03:11:49","guid":{"rendered":"https:\/\/easylex.000webhostapp.com\/?page_id=105"},"modified":"2022-06-02T23:50:37","modified_gmt":"2022-06-02T23:50:37","slug":"patenta-tu-invencion","status":"publish","type":"page","link":"https:\/\/easylex.com\/startup101\/patenta-tu-invencion\/","title":{"rendered":"Patenta tu Invenci\u00f3n"},"content":{"rendered":"<h2>Patenta tu invenci\u00f3n<\/h2>\n<p>Cuando escuchamos la palabra patente normalmente la relacionamos \u00fanicamente con medicamentos, pero no, puedes patentar muchas otras cosas que te ayudar\u00e1n a protegerte de tu competencia.<\/p>\n<p>\u00bfSabes verdaderamente que es una patente?, una patente es un <u>derecho de exclusividad<\/u> sobre una invenci\u00f3n, en otras palabras, se refiere a que \u00fanicamente la persona que sea due\u00f1a de la invenci\u00f3n podr\u00e1 utilizarla, explotarla, venderla, etc.<\/p>\n<p><b>Pero&#8230; \u00bfqu\u00e9 es una invenci\u00f3n?<\/b><\/p>\n<p>Toda transformaci\u00f3n de algo en algo nuevo y que puede ser aplicado de manera industrial.<\/p>\n<p><strong>\u00bfDonde puedo patentar mi invenci\u00f3n?<\/strong><\/p>\n<p>En el Instituto Mexicano de la Propiedad Industrial, mejor conocido como IMPI.<\/p>\n<p><strong>\u00bfCu\u00e1nto cuesta una patente?<\/strong><\/p>\n<p>El IMPI cobra $7,172.92 + IVA (o sea, $8,820.58 pesos en total).<\/p>\n<p><strong>\u00bfEn qu\u00e9 lugar queda protegida mi invenci\u00f3n?<\/strong><\/p>\n<p>Si el IMPI te otorga tu patente, tu invenci\u00f3n quedar\u00e1 protegida en toda la Rep\u00fablica Mexicana\u2026 recuerda, puedes protegerla en otros pa\u00edses.<\/p>\n<p><strong>\u00bfCu\u00e1nto tiempo dura una patente?<\/strong><\/p>\n<p>Te protege por 20 a\u00f1os y, no, no puede renovarse, por lo que una vez que vence la patente, cualquiera puede utilizarla.<\/p>\n<p>Un ejemplo: Alexander Fleming descubri\u00f3 la penicilina y la transform\u00f3 creando un antibi\u00f3tico con aplicaci\u00f3n industrial. La protecci\u00f3n de esa patente, en M\u00e9xico, solo dur\u00f3 20 a\u00f1os, actualmente, cualquier laboratorio puede utilizarla y crear ese medicamento.<\/p>\n<p><strong>\u00bfC\u00f3mo puedo patentar mi invenci\u00f3n?<\/strong><\/p>\n<ol>\n<li>Llenar el formato de Solicitud de Patente, lo puedes descargar <a href=\"https:\/\/www.gob.mx\/impi\/acciones-y-programas\/servicios-que-ofrece-el-impi-formatos\" target=\"_blank\" rel=\"noopener\">aqu\u00ed<\/a>:\n<ol class=\"alpha\" type=\"a\">\n<li>Completarlo en tu computadora.<\/li>\n<li>Impreso en hoja oficio a doble vista, necesitas presentar 3 copias.<\/li>\n<\/ol>\n<\/li>\n<li>Firmarlo con tu pu\u00f1o y letra.<\/li>\n<li>Realizar el pago.<\/li>\n<li>Adjuntar los documentos solicitados.<\/li>\n<li>Presentar la solicitud ante la oficina del IMPI (el tiempo para otorgar\/negar una solicitud es de aproximadamente 3 meses)<\/li>\n<\/ol>\n","protected":false},"excerpt":{"rendered":"<p>Patenta tu invenci\u00f3n Cuando escuchamos la palabra patente normalmente la relacionamos \u00fanicamente con medicamentos, pero no, puedes patentar muchas otras cosas que te ayudar\u00e1n a protegerte de tu competencia. \u00bfSabes verdaderamente que es una patente?, una patente es un derecho de exclusividad sobre una invenci\u00f3n, en otras palabras, se refiere a que \u00fanicamente la persona [&hellip;]<\/p>\n","protected":false},"author":1,"featured_media":0,"parent":0,"menu_order":0,"comment_status":"closed","ping_status":"closed","template":"","meta":{"om_disable_all_campaigns":false,"_monsterinsights_skip_tracking":false,"_monsterinsights_sitenote_active":false,"_monsterinsights_sitenote_note":"","_monsterinsights_sitenote_category":0,"footnotes":""},"class_list":["post-105","page","type-page","status-publish","hentry"],"aioseo_notices":[],"_links":{"self":[{"href":"https:\/\/easylex.com\/startup101\/wp-json\/wp\/v2\/pages\/105","targetHints":{"allow":["GET"]}}],"collection":[{"href":"https:\/\/easylex.com\/startup101\/wp-json\/wp\/v2\/pages"}],"about":[{"href":"https:\/\/easylex.com\/startup101\/wp-json\/wp\/v2\/types\/page"}],"author":[{"embeddable":true,"href":"https:\/\/easylex.com\/startup101\/wp-json\/wp\/v2\/users\/1"}],"replies":[{"embeddable":true,"href":"https:\/\/easylex.com\/startup101\/wp-json\/wp\/v2\/comments?post=105"}],"version-history":[{"count":18,"href":"https:\/\/easylex.com\/startup101\/wp-json\/wp\/v2\/pages\/105\/revisions"}],"predecessor-version":[{"id":474,"href":"https:\/\/easylex.com\/startup101\/wp-json\/wp\/v2\/pages\/105\/revisions\/474"}],"wp:attachment":[{"href":"https:\/\/easylex.com\/startup101\/wp-json\/wp\/v2\/media?parent=105"}],"curies":[{"name":"wp","href":"https:\/\/api.w.org\/{rel}","templated":true}]}}