{"id":107,"date":"2018-09-18T03:12:20","date_gmt":"2018-09-18T03:12:20","guid":{"rendered":"https:\/\/easylex.000webhostapp.com\/?page_id=107"},"modified":"2019-05-15T21:50:20","modified_gmt":"2019-05-15T21:50:20","slug":"confidencialidad-y-secrecia","status":"publish","type":"page","link":"https:\/\/easylex.com\/startup101\/confidencialidad-y-secrecia\/","title":{"rendered":"Confidencialidad y Secrec\u00eda"},"content":{"rendered":"<h2>Confidencialidad y secrec\u00eda<\/h2>\n<p>Toda la informaci\u00f3n que compartes con tus socios, con tu inversionista, con tus empleados y con tus clientes es muy importante, ya que esa informaci\u00f3n incluye cosas que significan una ventaja competitiva para tu Startup.<\/p>\n<p>El <i><strong>know-how<\/strong><\/i> es el coraz\u00f3n de tu negocio, esa receta secreta que solo t\u00fa tienes y que ser\u00e1 el diferenciador para tener \u00e9xito. <\/p>\n<p><strong>\u00bfC\u00f3mo protejo mi informaci\u00f3n?<\/strong><\/p>\n<p>Aunque te prometan que no dir\u00e1n nada y que puedes confiar en ellos, nosotros\u2026 nunca nos confiar\u00edamos. Siempre tienes que asegurarte de proteger tu informaci\u00f3n, \u00bfla mejor forma?, redactando y firmando un Convenio de Confidencialidad (NDA). <\/p>\n<p><strong>\u00bfQu\u00e9 es informaci\u00f3n confidencial?<\/strong><\/p>\n<p>Eso lo defines t\u00fa, pues para cada negocio hay una receta secreta diferente que necesita protegerse. Tu contrato de Confidencialidad deber\u00e1 incluir qu\u00e9 informaci\u00f3n se considera como confidencialidad, qui\u00e9n revela la informaci\u00f3n y qui\u00e9n se obliga a protegerla y no divulgarla.<\/p>\n","protected":false},"excerpt":{"rendered":"<p>Confidencialidad y secrec\u00eda Toda la informaci\u00f3n que compartes con tus socios, con tu inversionista, con tus empleados y con tus clientes es muy importante, ya que esa informaci\u00f3n incluye cosas que significan una ventaja competitiva para tu Startup. El know-how es el coraz\u00f3n de tu negocio, esa receta secreta que solo t\u00fa tienes y que [&hellip;]<\/p>\n","protected":false},"author":1,"featured_media":0,"parent":0,"menu_order":0,"comment_status":"closed","ping_status":"closed","template":"","meta":{"om_disable_all_campaigns":false,"_monsterinsights_skip_tracking":false,"_monsterinsights_sitenote_active":false,"_monsterinsights_sitenote_note":"","_monsterinsights_sitenote_category":0,"footnotes":""},"class_list":["post-107","page","type-page","status-publish","hentry"],"aioseo_notices":[],"_links":{"self":[{"href":"https:\/\/easylex.com\/startup101\/wp-json\/wp\/v2\/pages\/107","targetHints":{"allow":["GET"]}}],"collection":[{"href":"https:\/\/easylex.com\/startup101\/wp-json\/wp\/v2\/pages"}],"about":[{"href":"https:\/\/easylex.com\/startup101\/wp-json\/wp\/v2\/types\/page"}],"author":[{"embeddable":true,"href":"https:\/\/easylex.com\/startup101\/wp-json\/wp\/v2\/users\/1"}],"replies":[{"embeddable":true,"href":"https:\/\/easylex.com\/startup101\/wp-json\/wp\/v2\/comments?post=107"}],"version-history":[{"count":5,"href":"https:\/\/easylex.com\/startup101\/wp-json\/wp\/v2\/pages\/107\/revisions"}],"predecessor-version":[{"id":376,"href":"https:\/\/easylex.com\/startup101\/wp-json\/wp\/v2\/pages\/107\/revisions\/376"}],"wp:attachment":[{"href":"https:\/\/easylex.com\/startup101\/wp-json\/wp\/v2\/media?parent=107"}],"curies":[{"name":"wp","href":"https:\/\/api.w.org\/{rel}","templated":true}]}}