{"id":25,"date":"2018-09-17T06:02:44","date_gmt":"2018-09-17T06:02:44","guid":{"rendered":"https:\/\/easylex.000webhostapp.com\/?page_id=25"},"modified":"2025-06-11T00:05:00","modified_gmt":"2025-06-11T00:05:00","slug":"1-el-proceso","status":"publish","type":"page","link":"https:\/\/easylex.com\/startup101\/1-el-proceso\/","title":{"rendered":"1. CREA TU EMPRESA"},"content":{"rendered":"<h6 class=\"elx-chapter\">CAP\u00cdTULO 1<\/h6>\n<h2 class=\"elx-subtitle\" style=\"text-align: center;\"><strong>CREA TU EMPRESA<\/strong><\/h2>\n<p>La creaci\u00f3n de una empresa es sin\u00f3nimo de la constituci\u00f3n de una sociedad mercantil. Para que la creaci\u00f3n cumpla con todos los requisitos legales debes de cumplir con estos requisitos:<\/p>\n<ol>\n<li>Contar con la autorizaci\u00f3n de uso de denominaci\u00f3n social por parte de la Secretar\u00eda de Econom\u00eda<\/li>\n<li>Formalizaci\u00f3n de los estatutos sociales de tu empresa (acta constitutiva) ante un notario o corredor p\u00fablico<\/li>\n<li>Inscripci\u00f3n de acta constitutiva en el Registro P\u00fablico de la Propiedad y del Comercio del estado en d\u00f3nde crees tu empresa<\/li>\n<\/ol>\n<p>Una vez que cumplas con todos esos pasos, deber\u00e1s continuar con otros cuantos requisitos antes de empezar a operar (te los explicamos m\u00e1s a detalle en el cap\u00edtulo cuatro):<\/p>\n<ul>\n<li>Dar de alta la empresa en el Registro Federal de Contribuyentes (RFC) en el SAT<\/li>\n<li>Obtener la firma electr\u00f3nica avanzada o e.firma (FIEL) de la empresa, la cual es expedida por el SAT<\/li>\n<li>Aperturar una cuenta bancaria y depositar la cantidad de capital social en ella<\/li>\n<\/ul>\n<p>Estos conceptos pueden sonarte complicados, sin embargo es un tr\u00e1mite que realiz\u00e1ndose en EasyLex es bastante sencillo. Nosotros manejamos todo el proceso de constituci\u00f3n legal de tu empresa, desde obtener el permiso necesario por Secretar\u00eda de Econom\u00eda hasta la inscripci\u00f3n de tu acta en el Registro P\u00fablico.<\/p>\n<p>Lo \u00fanico que necesitamos de tu parte es que nos proporciones la informaci\u00f3n m\u00e1s importante sobre tu empresa:<\/p>\n<p><u>\u00bfQu\u00e9 actividades realizar\u00e1 la empresa?<\/u><br \/>\nEs necesario que determinemos cu\u00e1les actividades har\u00e1 la empresa, te recuerdo que una empresa solamente puede hacer las actividades que su acta constitutiva diga &#8211; a esto se le conoce como <b>objeto social<\/b> &#8211;<\/p>\n<p><u>\u00bfC\u00f3mo se llamar\u00e1 la empresa?<\/u><br \/>\nComo te mencionamos, el primer paso es pedirle permiso a la Secretar\u00eda de Econom\u00eda para poder nombrar a tu empresa\u2026 \u00bfpor qu\u00e9?, porque ellos son los encargados de revisar que no exista m\u00e1s de una empresa con el mismo nombre.<\/p>\n<table>\n<tbody>\n<tr style=\"background: white;\">\n<td style=\"text-align: left;\"><b>ES OBLIGATORIO<\/b><\/td>\n<td>S\u00ed.<\/td>\n<\/tr>\n<tr>\n<td style=\"text-align: left;\"><b>CU\u00c1L ES EL COSTO<\/b><\/td>\n<td>Incre\u00edblemente, es gratuito.<\/td>\n<\/tr>\n<tr>\n<td style=\"text-align: left;\"><b>QUI\u00c9N DEBE HACERLO<\/b><\/td>\n<td>Pues puedes hacerlo t\u00fa o\u2026 podemos hacerlo por ti.<\/td>\n<\/tr>\n<tr>\n<td style=\"text-align: left;\"><b>EN CU\u00c1NTO TIEMPO<\/b><\/td>\n<td>Tienen 2 d\u00edas h\u00e1biles para autorizar\/negar una solicitud.<\/td>\n<\/tr>\n<tr>\n<td style=\"text-align: left;\"><b>QU\u00c9 NECESITAS PARA HACERLO T\u00da<\/b><\/td>\n<td>\n<ol>\n<li>Tu RFC.<\/li>\n<li>Tu FIEL.<\/li>\n<li>Registrarte en la p\u00e1gina de la Secretar\u00eda de Econom\u00eda.<\/li>\n<\/ol>\n<\/td>\n<\/tr>\n<tr>\n<td><b>QU\u00c9 NECESITAMOS PARA HACERLO POR TI<\/b><\/td>\n<td>Nada, necesitaremos varias opciones de nombres\u2026 s\u00ed, eso es todo.<\/td>\n<\/tr>\n<tr style=\"background: white;\">\n<td><b>EN D\u00d3NDE<\/b><\/td>\n<td>Pues lo m\u00e1s f\u00e1cil es que lo hagamos por ti.<\/td>\n<\/tr>\n<\/tbody>\n<\/table>\n<p><u>\u00bfCon cu\u00e1nto dinero iniciar\u00e1 la empresa?<\/u><br \/>\nEl Capital Social es el total de dinero que aportan t\u00fa y tus socios a tu empresa, imagina que el Capital Social se distribuye de la siguiente forma:<\/p>\n<table>\n<tbody>\n<tr>\n<td rowspan=\"2\">ACCIONISTAS<\/td>\n<td>PARTE FIJA<\/td>\n<td colspan=\"2\">PARTE VARIABLE<\/td>\n<td rowspan=\"2\">PORCENTAJE<\/td>\n<\/tr>\n<tr>\n<td>ACCIONES SERIE \u00abA\u00bb<\/td>\n<td>ACCIONES SERIE \u00abB\u00bb<\/td>\n<td>ACCIONES SERIE \u00abC\u00bb<\/td>\n<\/tr>\n<tr>\n<td>RODRIGO<\/td>\n<td>30,000<\/td>\n<td>-0-<\/td>\n<td>14,000<\/td>\n<td>44%<\/td>\n<\/tr>\n<tr>\n<td>ANDREA<\/td>\n<td>5,000<\/td>\n<td>44,000<\/td>\n<td>-0-<\/td>\n<td>49%<\/td>\n<\/tr>\n<tr>\n<td><b>TOTALES<\/b><\/td>\n<td><b>40,000<\/b><\/td>\n<td><b>44,000<\/b><\/td>\n<td><b>16,000<\/b><\/td>\n<td><b>100%<\/b><\/td>\n<\/tr>\n<\/tbody>\n<\/table>\n<p>Ya sabemos, son demasiados conceptos y n\u00fameros, pero ah\u00ed te va una r\u00e1pida explicaci\u00f3n:<\/p>\n<ul>\n<li>Accionistas: son todos los socios que aportan dinero.<\/li>\n<li>Parte fija: es el capital m\u00ednimo que no puede retirarse y que puede aumentarse cuando entren nuevos accionistas.<\/li>\n<li>Parte variable: es la parte del capital que puede aumentarse y tambi\u00e9n disminuirse. Es el dinero que se utiliza para las operaciones diarias de tu empresa (pagar n\u00f3mina, pagar renta, etc.)<\/li>\n<li>Acciones: el Capital Social se divide en acciones (con el mismo o diferente valor)<\/li>\n<li>Serie: las series de Acciones existen porque cada Serie puede tener un valor y derechos diferentes.<\/li>\n<li>Porcentaje: es el pedacito que cada Accionista tiene de tu empresa, dependiendo de las Acciones de las que sea due\u00f1o.<\/li>\n<\/ul>\n<p>En el ejemplo anterior:<\/p>\n<p>1. Todas las Acciones tienen valor de $1.00, entonces cada accionista aport\u00f3 las siguientes cantidades de dinero:<\/p>\n<ul>\n<li>RODRIGO: $44,000.00<\/li>\n<li>ANDREA: $49,000.00<\/li>\n<li>ALBERTO: $7,000.00<\/li>\n<\/ul>\n<p>2. El Capital M\u00ednimo Fijo es de $40,000.00 y est\u00e1 representado por las Acciones de la Serie \u201cA\u201d.<\/p>\n<p>3. El Capital Variable es de $60,000.00 y est\u00e1 representado por las Acciones Serie \u201cB\u201d y Serie \u201cC\u201d.<\/p>\n<p>No hay un m\u00ednimo de capital para iniciar una empresa, lo m\u00e1s com\u00fan es que al menos se inicie con MXN$10,000 de capital fijo.<\/p>\n<p><u>\u00bfC\u00f3mo se administra la empresa?<\/u><br \/>\nDependiendo del tipo de sociedad mercantil que crees, la administraci\u00f3n se designa a una o varias personas, m\u00e1s adelante te explicaremos en qu\u00e9 sociedades es obligatorio tener uno o varios administradores.<\/p>\n<p><b>Administrador general \u00fanico<\/b><br \/>\nEs cuando la administraci\u00f3n de la empresa recae en una sola persona.<\/p>\n<p><b>Consejo de administraci\u00f3n<\/b><br \/>\nEs cuando la administraci\u00f3n se distribuye entre 2 o m\u00e1s personas.<br \/>\nConsejo de Administraci\u00f3n conformado por dos o m\u00e1s personas y que pueden ser o no ser Accionistas de la sociedad.<\/p>\n<p><u>\u00bfQui\u00e9n elige a los administradores y cu\u00e1nto duran sus cargos?<\/u><br \/>\nLos miembros del Consejo de Administraci\u00f3n o el Administrador General \u00danico podr\u00e1n ser nombrados, reelegidos y removidos de sus cargos, en cualquier momento, por los Accionistas en una <b>Asamblea General Ordinaria de Accionistas.<\/b><\/p>\n<p><u>\u00bfCu\u00e1les son las facultades de la administraci\u00f3n?<\/u><br \/>\nEl Consejo de Administraci\u00f3n o el Administrador General \u00danico es el encargado <b>de las operaciones diarias de la sociedad<\/b> y sus l\u00edmites son fijados por los Accionistas.<\/p>\n<p><u>\u00bfC\u00f3mo protejo la sociedad de las decisiones de los administradores?<\/u><br \/>\nTodos los administradores, al aceptar su cargo, son responsables ante la sociedad por las decisiones que tomen.<\/p>\n<p><u>\u00bfCu\u00e1les son los roles del Consejo de Administraci\u00f3n y c\u00f3mo funciona?<\/u><br \/>\nNormalmente, el Consejo de Administraci\u00f3n se conforma por 3 personas: Presidente, Tesorero y Secretario.<\/p>\n<p>Para que sus decisiones sean v\u00e1lidas deber\u00e1n estar presentes, por lo menos, la mitad de sus miembros y que la mayor\u00eda de los presentes voten a favor.<\/p>\n<p>Te recomendamos que tu Consejo de Administraci\u00f3n se conforme por un n\u00famero impar, as\u00ed, evitar\u00e1s empate al momento de una votaci\u00f3n, en caso de que sea un n\u00famero par, el Presidente tendr\u00e1 el voto decisivo.<\/p>\n<p><u>\u00bfC\u00f3mo se formalizan los estatutos?<\/u><br \/>\nLos Estatutos Sociales son el documento que le da vida a tu empresa, aqu\u00ed es donde debes pactar las reglas del juego, por ejemplo, qui\u00e9nes ser\u00e1n socios, cu\u00e1nto porcentaje tendr\u00e1 cada quien, cu\u00e1l ser\u00e1 el objeto de tu sociedad, por cu\u00e1nto tiempo ser\u00e1 v\u00e1lida y todas esas formalidades que pide la Ley.<\/p>\n<p>Este documento tiene que ser formalizado, o sea que un Fedatario P\u00fablico (notario o corredor) tiene que firmarlo y dar fe de que es v\u00e1lido, despu\u00e9s tiene que llevarlo al Registro P\u00fablico de la Propiedad y del Comercio y as\u00ed nacer\u00e1 tu Empresa.<\/p>\n<p>Nota: los Estatutos Sociales una vez formalizados se llamar\u00e1n <i>Acta Constitutiva<\/i><\/p>\n<table>\n<tbody>\n<tr style=\"background: white;\">\n<td style=\"text-align: left;\"><b>ES OBLIGATORIO<\/b><\/td>\n<td style=\"text-align: left;\">S\u00ed.<\/td>\n<\/tr>\n<tr>\n<td style=\"text-align: left;\"><b>ES GRATUITO<\/b><\/td>\n<td style=\"text-align: left;\">Nos gustar\u00eda decir que s\u00ed, pero no.. se tienen que pagar honorarios y gastos al gobierno.<\/td>\n<\/tr>\n<tr>\n<td style=\"text-align: left;\"><b>QUI\u00c9N DEBE HACERLO<\/b><\/td>\n<td style=\"text-align: left;\">La forma m\u00e1s f\u00e1cil\u2026 nosotros.<\/td>\n<\/tr>\n<tr>\n<td style=\"text-align: left;\"><b>EN CU\u00c1NTO TIEMPO<\/b><\/td>\n<td style=\"text-align: left;\">Nos tardamos aproximadamente 5 d\u00edas<\/td>\n<\/tr>\n<tr>\n<td style=\"text-align: left;\"><b>QU\u00c9 NECESITAMOS<\/b><\/td>\n<td style=\"text-align: left;\">\n<ol>\n<li>Tu identificaci\u00f3n y la de tus socios.<\/li>\n<li>Tu RFC y el de tus socios.<\/li>\n<\/ol>\n<\/td>\n<\/tr>\n<tr style=\"background: white;\">\n<td style=\"text-align: left;\"><b>EN D\u00d3NDE<\/b><\/td>\n<td style=\"text-align: left;\"><a href=\"\/acta-constitutiva\">AQU\u00cd<\/a><\/td>\n<\/tr>\n<\/tbody>\n<\/table>\n<p>Es muy importante que para que la formalizaci\u00f3n del acta tenga validez, se inscriba en el Registro P\u00fablico de la Propiedad y de Comercio (RPPC) del estado en donde creas tu empresa. \u00bfCu\u00e1nto tiempo tarda este proceso? lamentablemente es muy variable, puede ser que est\u00e9 lista la boleta de inscripci\u00f3n en un lapso de 5 d\u00edas h\u00e1biles o llegar a tomar varios meses.<\/p>\n<p><b>Tipos de sociedades mercantiles<\/b><\/p>\n<p>Ya sabemos c\u00f3mo se crea una empresa&#8230; pero \u00bfqu\u00e9 tipo de empresa te conviene m\u00e1s?<\/p>\n<table style=\"text-align: left;\">\n<tbody>\n<tr style=\"background-color: white;\">\n<td style=\"width: 33%;\"><b><br \/>\nSAPI DE CV<br \/>\nSociedad An\u00f3nima Promotora de Inversi\u00f3n de Capital Variable<br \/>\n<\/b><\/td>\n<td style=\"width: 33%;\"><b><br \/>\nSA DE CV<br \/>\nSociedad An\u00f3nima de Capital Variable<br \/>\n<\/b><\/td>\n<td style=\"width: 33%;\"><b><br \/>\nS DE RL DE CV<br \/>\nSociedad de Responsabilidad Limitada de Capital Variable<br \/>\n<\/b><\/td>\n<\/tr>\n<tr style=\"background-color: white;\">\n<td style=\"width: 33%;\">\n<ul>\n<li style=\"text-align: left;\">Startups<\/li>\n<li style=\"text-align: left;\">Empresas que buscan inversi\u00f3n de riesgo<\/li>\n<li style=\"text-align: left;\">Empresas que buscan a\u00f1adir y eliminar socios con facilidad<\/li>\n<li style=\"text-align: left;\">Permite incluir t\u00e9rminos como vesting y acciones para empleados (ESOP &#8211; employee stock option pool)<\/li>\n<\/ul>\n<\/td>\n<td style=\"width: 33%;\">\n<ul>\n<li style=\"text-align: left;\">Empresas con actividades tradicionales<\/li>\n<li style=\"text-align: left;\">Empresas que buscan aumentar su capital con inversiones de retorno y no de riesgo<\/li>\n<li style=\"text-align: left;\">Empresas que operan de manera tradicional,normalmente con recursos propios<\/li>\n<\/ul>\n<\/td>\n<td style=\"width: 33%;\">\n<ul>\n<li style=\"text-align: left;\">Empresas con actividades tradicionales<\/li>\n<li style=\"text-align: left;\">Los socios suelen ser familiares entre s\u00ed<\/li>\n<li style=\"text-align: left;\">Empresas en d\u00b4nde se desea restringir la entrada a socios extra\u00f1os<\/li>\n<li style=\"text-align: left;\">Empresas que operan de manera tradicional<\/li>\n<\/ul>\n<\/td>\n<\/tr>\n<\/tbody>\n<\/table>\n","protected":false},"excerpt":{"rendered":"<p>CAP\u00cdTULO 1 CREA TU EMPRESA La creaci\u00f3n de una empresa es sin\u00f3nimo de la constituci\u00f3n de una sociedad mercantil. Para que la creaci\u00f3n cumpla con todos los requisitos legales debes de cumplir con estos requisitos: Contar con la autorizaci\u00f3n de uso de denominaci\u00f3n social por parte de la Secretar\u00eda de Econom\u00eda Formalizaci\u00f3n de los estatutos [&hellip;]<\/p>\n","protected":false},"author":1,"featured_media":0,"parent":0,"menu_order":0,"comment_status":"closed","ping_status":"closed","template":"","meta":{"om_disable_all_campaigns":false,"_monsterinsights_skip_tracking":false,"_monsterinsights_sitenote_active":false,"_monsterinsights_sitenote_note":"","_monsterinsights_sitenote_category":0,"footnotes":""},"class_list":["post-25","page","type-page","status-publish","hentry"],"aioseo_notices":[],"_links":{"self":[{"href":"https:\/\/easylex.com\/startup101\/wp-json\/wp\/v2\/pages\/25","targetHints":{"allow":["GET"]}}],"collection":[{"href":"https:\/\/easylex.com\/startup101\/wp-json\/wp\/v2\/pages"}],"about":[{"href":"https:\/\/easylex.com\/startup101\/wp-json\/wp\/v2\/types\/page"}],"author":[{"embeddable":true,"href":"https:\/\/easylex.com\/startup101\/wp-json\/wp\/v2\/users\/1"}],"replies":[{"embeddable":true,"href":"https:\/\/easylex.com\/startup101\/wp-json\/wp\/v2\/comments?post=25"}],"version-history":[{"count":32,"href":"https:\/\/easylex.com\/startup101\/wp-json\/wp\/v2\/pages\/25\/revisions"}],"predecessor-version":[{"id":492,"href":"https:\/\/easylex.com\/startup101\/wp-json\/wp\/v2\/pages\/25\/revisions\/492"}],"wp:attachment":[{"href":"https:\/\/easylex.com\/startup101\/wp-json\/wp\/v2\/media?parent=25"}],"curies":[{"name":"wp","href":"https:\/\/api.w.org\/{rel}","templated":true}]}}