{"id":29,"date":"2018-09-17T06:05:09","date_gmt":"2018-09-17T06:05:09","guid":{"rendered":"https:\/\/easylex.000webhostapp.com\/?page_id=29"},"modified":"2022-06-07T12:36:09","modified_gmt":"2022-06-07T12:36:09","slug":"2-las-reglas-del-juego","status":"publish","type":"page","link":"https:\/\/easylex.com\/startup101\/2-las-reglas-del-juego\/","title":{"rendered":"2. SOCIEDAD AN\u00d3NIMA PROMOTORA DE INVERSI\u00d3N DE CAPITAL VARIABLE (SAPI DE CV"},"content":{"rendered":"<h6 class=\"elx-chapter\">CAP\u00cdTULO 2<\/h6>\n<h2 class=\"elx-subtitle\" style=\"text-align: center;\"><strong>2. SOCIEDAD AN\u00d3NIMA PROMOTORA DE INVERSI\u00d3N DE CAPITAL VARIABLE (SAPI DE CV<\/strong><\/h2>\n<p><span style=\"font-weight: 400;\">Las Sociedades An\u00f3nimas Promotoras de Inversi\u00f3n de Capital Variable (S.A.P.I DE C.V.), son las sociedades que m\u00e1s se recomiendan para emprendedores como t\u00fa, emprendedores que buscan inversi\u00f3n, que buscan tener una Startup, que quieren protegerse a s\u00ed mismos, a sus socios y a sus inversionistas.\u00a0<\/span><\/p>\n<p>&nbsp;<\/p>\n<p><span style=\"font-weight: 400;\">Para que tu Startup pueda recibir inversi\u00f3n y se encuentre legalmente protegida, deber\u00e1s realizar todos los pasos relacionados con el proceso de constituci\u00f3n y los detalles descritos en este cap\u00edtulo. <\/span><\/p>\n","protected":false},"excerpt":{"rendered":"<p>CAP\u00cdTULO 2 2. SOCIEDAD AN\u00d3NIMA PROMOTORA DE INVERSI\u00d3N DE CAPITAL VARIABLE (SAPI DE CV Las Sociedades An\u00f3nimas Promotoras de Inversi\u00f3n de Capital Variable (S.A.P.I DE C.V.), son las sociedades que m\u00e1s se recomiendan para emprendedores como t\u00fa, emprendedores que buscan inversi\u00f3n, que buscan tener una Startup, que quieren protegerse a s\u00ed mismos, a sus socios [&hellip;]<\/p>\n","protected":false},"author":1,"featured_media":0,"parent":0,"menu_order":0,"comment_status":"closed","ping_status":"closed","template":"","meta":{"om_disable_all_campaigns":false,"_monsterinsights_skip_tracking":false,"_monsterinsights_sitenote_active":false,"_monsterinsights_sitenote_note":"","_monsterinsights_sitenote_category":0,"footnotes":""},"class_list":["post-29","page","type-page","status-publish","hentry"],"aioseo_notices":[],"_links":{"self":[{"href":"https:\/\/easylex.com\/startup101\/wp-json\/wp\/v2\/pages\/29","targetHints":{"allow":["GET"]}}],"collection":[{"href":"https:\/\/easylex.com\/startup101\/wp-json\/wp\/v2\/pages"}],"about":[{"href":"https:\/\/easylex.com\/startup101\/wp-json\/wp\/v2\/types\/page"}],"author":[{"embeddable":true,"href":"https:\/\/easylex.com\/startup101\/wp-json\/wp\/v2\/users\/1"}],"replies":[{"embeddable":true,"href":"https:\/\/easylex.com\/startup101\/wp-json\/wp\/v2\/comments?post=29"}],"version-history":[{"count":7,"href":"https:\/\/easylex.com\/startup101\/wp-json\/wp\/v2\/pages\/29\/revisions"}],"predecessor-version":[{"id":475,"href":"https:\/\/easylex.com\/startup101\/wp-json\/wp\/v2\/pages\/29\/revisions\/475"}],"wp:attachment":[{"href":"https:\/\/easylex.com\/startup101\/wp-json\/wp\/v2\/media?parent=29"}],"curies":[{"name":"wp","href":"https:\/\/api.w.org\/{rel}","templated":true}]}}