{"id":410,"date":"2020-08-26T21:44:10","date_gmt":"2020-08-26T21:44:10","guid":{"rendered":"http:\/\/stagingwp.easylex.com\/startup101\/?page_id=410"},"modified":"2020-08-26T23:24:38","modified_gmt":"2020-08-26T23:24:38","slug":"solicita-tu-registro-federal-de-contribuyentes-rfc-2","status":"publish","type":"page","link":"https:\/\/easylex.com\/startup101\/solicita-tu-registro-federal-de-contribuyentes-rfc-2\/","title":{"rendered":"Solicita tu Registro Federal de Contribuyentes (RFC)."},"content":{"rendered":"<h2>Solicita tu Registro Federal de Contribuyentes (RFC).<\/h2>\n<p>Una vez que terminas tu proceso de constituci\u00f3n, debes de dar de inscribir tu empresa en el Registro Federal de Contribuyentes (RFC), lo que com\u00fanmente conocemos como dar de alta la empresa en hacienda o ante el SAT.<\/p>\n<p>Este paso si lo tienes que hacer t\u00fa, tienes que tramitar tu RFC para poder pagar impuestos (ni modo), poder despu\u00e9s abrir cuentas en el banco y facturarle a tus clientes. <\/p>\n<table>\n<tr style=\"background: white;\">\n<td style=\"text-align: left;\"><b>ES OBLIGATORIO<\/b><\/td>\n<td>S\u00ed.<\/td>\n<\/tr>\n<tr>\n<td style=\"text-align: left;\"><b>ES GRATUITO <\/b><\/td>\n<td>Obvio, \u00bfc\u00f3mo crees que nos cobran impuestos?<\/td>\n<\/tr>\n<tr>\n<td style=\"text-align: left;\"><b>QUI\u00c9N DEBE HACERLO <\/b><\/td>\n<td>El representante legal de tu Startup. <\/td>\n<\/tr>\n<tr>\n<td style=\"text-align: left;\"><b>EN CU\u00c1NTO TIEMPO <\/b><\/td>\n<td>En esto s\u00ed son r\u00e1pidos, solo necesitas sacar una cita en la p\u00e1gina del SAT. <\/td>\n<\/tr>\n<tr>\n<td style=\"text-align: left;\"><b>QU\u00c9 NECESITAS <\/b><\/td>\n<td>\n<ol>\n<li>Llenar e imprimir el formulario que est\u00e1 aqu\u00ed.<\/li>\n<li>Llevar tu Acta Constitutiva.<\/li>\n<li>Llevar un comprobante de domicilio a nombre de tu empresa, tuyo o de alguno de tus socios. <\/li>\n<li>Un poder otorgado por tu empresa al representante legal (normalmente ya viene en el Acta Constitutiva).<\/li>\n<li>Identificaci\u00f3n oficial del representante legal. <\/li>\n<\/ol>\n<\/td>\n<\/tr>\n<tr style=\"background: white;\">\n<td style=\"text-align: left;\"><b>EN D\u00d3NDE <\/b><\/td>\n<td>En cualquier oficina del SAT.<\/td>\n<\/tr>\n<\/table>\n","protected":false},"excerpt":{"rendered":"<p>Solicita tu Registro Federal de Contribuyentes (RFC). Una vez que terminas tu proceso de constituci\u00f3n, debes de dar de inscribir tu empresa en el Registro Federal de Contribuyentes (RFC), lo que com\u00fanmente conocemos como dar de alta la empresa en hacienda o ante el SAT. Este paso si lo tienes que hacer t\u00fa, tienes que [&hellip;]<\/p>\n","protected":false},"author":1,"featured_media":0,"parent":0,"menu_order":0,"comment_status":"closed","ping_status":"closed","template":"","meta":{"om_disable_all_campaigns":false,"_monsterinsights_skip_tracking":false,"_monsterinsights_sitenote_active":false,"_monsterinsights_sitenote_note":"","_monsterinsights_sitenote_category":0,"footnotes":""},"class_list":["post-410","page","type-page","status-publish","hentry"],"aioseo_notices":[],"_links":{"self":[{"href":"https:\/\/easylex.com\/startup101\/wp-json\/wp\/v2\/pages\/410","targetHints":{"allow":["GET"]}}],"collection":[{"href":"https:\/\/easylex.com\/startup101\/wp-json\/wp\/v2\/pages"}],"about":[{"href":"https:\/\/easylex.com\/startup101\/wp-json\/wp\/v2\/types\/page"}],"author":[{"embeddable":true,"href":"https:\/\/easylex.com\/startup101\/wp-json\/wp\/v2\/users\/1"}],"replies":[{"embeddable":true,"href":"https:\/\/easylex.com\/startup101\/wp-json\/wp\/v2\/comments?post=410"}],"version-history":[{"count":2,"href":"https:\/\/easylex.com\/startup101\/wp-json\/wp\/v2\/pages\/410\/revisions"}],"predecessor-version":[{"id":424,"href":"https:\/\/easylex.com\/startup101\/wp-json\/wp\/v2\/pages\/410\/revisions\/424"}],"wp:attachment":[{"href":"https:\/\/easylex.com\/startup101\/wp-json\/wp\/v2\/media?parent=410"}],"curies":[{"name":"wp","href":"https:\/\/api.w.org\/{rel}","templated":true}]}}