{"id":434,"date":"2022-06-01T22:42:47","date_gmt":"2022-06-01T22:42:47","guid":{"rendered":"http:\/\/stagingwp.easylex.com\/startup101\/?page_id=434"},"modified":"2025-04-28T17:23:14","modified_gmt":"2025-04-28T17:23:14","slug":"el-proceso-de-constitucion","status":"publish","type":"page","link":"https:\/\/easylex.com\/startup101\/el-proceso-de-constitucion\/","title":{"rendered":"El proceso de constituci\u00f3n"},"content":{"rendered":"<h2>El proceso de constituci\u00f3n<\/h2>\n<p><span style=\"font-weight: 400;\">El proceso de constituci\u00f3n de una sociedad es lo mismo que el proceso de creaci\u00f3n de tu empresa. Seguramente cuando piensas en crear una <\/span><span style=\"font-weight: 400;\">empresa<\/span><span style=\"font-weight: 400;\"> lo primero que se te viene a la <\/span><span style=\"font-weight: 400;\">mente<\/span><span style=\"font-weight: 400;\"> es un notario o corredor p\u00fablico, Secretar\u00eda de Econom\u00eda, inversionistas y tr\u00e1mites, tr\u00e1mites y tr\u00e1mites. Afortunadamente <\/span><b>gracias a EasyLex este proceso lo puedes realizar en l\u00ednea desde la comunidad de tu casa u oficina.\u00a0<\/b><\/p>\n<p><span style=\"font-weight: 400;\">\u00bfC\u00f3mo es el proceso de constituci\u00f3n? \u00bfQu\u00e9 pasos y requisitos hay que cumplir? No te preocupes, si realizas tu constituci\u00f3n con nosotros, EasyLex se encargar\u00e1 de cada uno de ellos:<\/span><\/p>\n<p><b>1. Solicitar permiso a la Secretar\u00eda de Econom\u00eda para uso de denominaci\u00f3n o raz\u00f3n social, en otras palabras, pedir permiso para ponerle un nombre a tu empresa.\u00a0\u00a0<\/b><\/p>\n<table>\n<tbody>\n<tr style=\"background: white;\">\n<td style=\"text-align: left;\"><b>ES OBLIGATORIO<\/b><\/td>\n<td>S\u00ed.<\/td>\n<\/tr>\n<tr>\n<td style=\"text-align: left;\"><b>CU\u00c1L ES EL COSTO<\/b><\/td>\n<td>Incre\u00edblemente, es gratuito.<\/td>\n<\/tr>\n<tr>\n<td style=\"text-align: left;\"><b>QUI\u00c9N DEBE HACERLO<\/b><\/td>\n<td>Pues puedes hacerlo t\u00fa o\u2026 podemos hacerlo por ti.<\/td>\n<\/tr>\n<tr>\n<td style=\"text-align: left;\"><b>EN CU\u00c1NTO TIEMPO<\/b><\/td>\n<td>Tienen 5-6 d\u00edas h\u00e1biles para autorizar\/negar una solicitud.<\/td>\n<\/tr>\n<tr>\n<td style=\"text-align: left;\"><b>QU\u00c9 NECESITAS PARA HACERLO T\u00da<\/b><\/td>\n<td>\n<ol>\n<li>Tu RFC.<\/li>\n<li>Tu FIEL.<\/li>\n<li>Registrarte en la p\u00e1gina de la Secretar\u00eda de Econom\u00eda.<\/li>\n<\/ol>\n<\/td>\n<\/tr>\n<tr>\n<td><b>QU\u00c9 NECESITAMOS PARA HACERLO POR TI<\/b><\/td>\n<td>Nada, necesitaremos varias opciones de nombres\u2026 s\u00ed, eso es todo.<\/td>\n<\/tr>\n<tr style=\"background: white;\">\n<td><b>EN D\u00d3NDE<\/b><\/td>\n<td>Pues lo m\u00e1s f\u00e1cil es que lo hagamos por ti.<\/td>\n<\/tr>\n<\/tbody>\n<\/table>\n<p><strong>2. Formalizar tus Estatutos Sociales.<\/strong><\/p>\n<p><span style=\"font-weight: 400;\">Los <\/span><span style=\"font-weight: 400;\">Estatutos Sociales<\/span><span style=\"font-weight: 400;\"> son el documento que le da vida a tu empresa, aqu\u00ed es donde debes pactar las reglas del juego.\u00a0\u00a0<\/span><span style=\"font-weight: 400;\">Los estatutos sociales de tu empresa deben de incluir:<\/span><\/p>\n<ul>\n<li>Qui\u00e9nes ser\u00e1n socios<\/li>\n<li>Cu\u00e1nto porcentaje tendr\u00e1 cada quien<\/li>\n<li style=\"font-weight: 400;\" aria-level=\"1\"><span style=\"font-weight: 400;\">Qu\u00e9 actividades realizar\u00e1 tu empresa, esto es lo que conocemos com\u00fanmente como objeto social<\/span><\/li>\n<li><span style=\"font-weight: 400;\">Domicilio social, esto es solo la ciudad y estado<\/span><\/li>\n<\/ul>\n<p><span style=\"font-weight: 400;\">Para que una empresa exista, los estatutos sociales deben de ser formalizados ante el Fedatario P\u00fablico (notario o corredor) tiene que firmarlo y dar fe para que sea v\u00e1lido. Adem\u00e1s es necesario llevarlo al Registro P\u00fablico de la Propiedad y del Comercio y as\u00ed nacer\u00e1 tu Empresa. <\/span><\/p>\n<p><span style=\"font-weight: 400;\">Nota: los Estatutos Sociales una vez formalizados se llamar\u00e1n <\/span><i><span style=\"font-weight: 400;\">Acta Constitutiva<\/span><\/i><span style=\"font-weight: 400;\">.\u00a0<\/span><\/p>\n<table>\n<tbody>\n<tr style=\"background: white;\">\n<td style=\"text-align: left;\"><b>ES OBLIGATORIO<\/b><\/td>\n<td>S\u00ed.<\/td>\n<\/tr>\n<tr>\n<td style=\"text-align: left;\"><b>CU\u00c1L ES EL COSTO<\/b><\/td>\n<td>Nos gustar\u00eda decir que si, pero no&#8230; se tienen que pagar honorarios y gastos al gobierno.<\/td>\n<\/tr>\n<tr>\n<td style=\"text-align: left;\"><b>QUI\u00c9N DEBE HACERLO<\/b><\/td>\n<td>La forma m\u00e1s f\u00e1cil&#8230; nosotros.<\/td>\n<\/tr>\n<tr>\n<td style=\"text-align: left;\"><b>EN CU\u00c1NTO TIEMPO<\/b><\/td>\n<td>Nos tardamos aproximadamente 5 d\u00edas.<\/td>\n<\/tr>\n<tr>\n<td><b>QU\u00c9 NECESITAMOS<\/b><\/td>\n<td>Nada, necesitaremos varias opciones de nombres\u2026 s\u00ed, eso es todo.<\/td>\n<\/tr>\n<tr style=\"background: white;\">\n<td><b>EN D\u00d3NDE<\/b><\/td>\n<td><a href=\"https:\/\/easylex.com\/\"><strong>Aqu\u00ed<\/strong><\/a><\/td>\n<\/tr>\n<\/tbody>\n<\/table>\n<p><strong>3.\u00a0<b>Solicita tu Registro Federal de Contribuyentes (RFC). <\/b><\/strong><\/p>\n<p><span style=\"font-weight: 400;\">Este paso si lo tienes que hacer t\u00fa, tienes que tramitar tu RFC para poder pagar impuestos (ni modo), poder abrir cuentas en el banco y facturarle a tus clientes. <\/span><\/p>\n<table>\n<tbody>\n<tr style=\"background: white;\">\n<td style=\"text-align: left;\"><b>ES OBLIGATORIO<\/b><\/td>\n<td>S\u00ed.<\/td>\n<\/tr>\n<tr>\n<td style=\"text-align: left;\"><b>CU\u00c1L ES EL COSTO<\/b><\/td>\n<td>Obvio, \u00bfc\u00f3mo crees que nos cobran impuestos?<\/td>\n<\/tr>\n<tr>\n<td style=\"text-align: left;\"><b>QUI\u00c9N DEBE HACERLO<\/b><\/td>\n<td>El representante legal de tu empresa.<\/td>\n<\/tr>\n<tr>\n<td style=\"text-align: left;\"><b>EN CU\u00c1NTO TIEMPO<\/b><\/td>\n<td><span style=\"font-weight: 400;\">En esto s\u00ed son r\u00e1pidos, solo necesitas sacar una cita en la p\u00e1gina del SAT.\u00a0<\/span><\/td>\n<\/tr>\n<tr>\n<td style=\"text-align: left;\"><b>QU\u00c9 NECESITAS<\/b><\/td>\n<td>\n<ol>\n<li style=\"font-weight: 400;\" aria-level=\"1\"><span style=\"font-weight: 400;\">Obtener una cita en el SAT <\/span><a href=\"https:\/\/citas.sat.gob.mx\/\"><span style=\"font-weight: 400;\">aqu\u00ed.<\/span><\/a><\/li>\n<li style=\"font-weight: 400;\" aria-level=\"1\"><span style=\"font-weight: 400;\">Llevar tu Acta Constitutiva.<\/span><\/li>\n<li style=\"font-weight: 400;\" aria-level=\"1\"><span style=\"font-weight: 400;\">Llevar un comprobante de domicilio a nombre de tu Startup, tuyo o de alguno de tus socios.\u00a0<\/span><\/li>\n<li style=\"font-weight: 400;\" aria-level=\"1\"><span style=\"font-weight: 400;\">Un poder otorgado por tu Startup al representante legal (normalmente ya viene en el Acta Constitutiva).<\/span><\/li>\n<li style=\"font-weight: 400;\" aria-level=\"1\"><span style=\"font-weight: 400;\">Identificaci\u00f3n oficial del representante legal.<\/span><\/li>\n<\/ol>\n<\/td>\n<\/tr>\n<tr>\n<td style=\"text-align: left;\"><b>EN D\u00d3NDE<\/b><\/td>\n<td>En cualquier oficina del SAT.<\/td>\n<\/tr>\n<\/tbody>\n<\/table>\n","protected":false},"excerpt":{"rendered":"<p>El proceso de constituci\u00f3n El proceso de constituci\u00f3n de una sociedad es lo mismo que el proceso de creaci\u00f3n de tu empresa. Seguramente cuando piensas en crear una empresa lo primero que se te viene a la mente es un notario o corredor p\u00fablico, Secretar\u00eda de Econom\u00eda, inversionistas y tr\u00e1mites, tr\u00e1mites y tr\u00e1mites. Afortunadamente gracias [&hellip;]<\/p>\n","protected":false},"author":1,"featured_media":0,"parent":0,"menu_order":0,"comment_status":"closed","ping_status":"closed","template":"","meta":{"om_disable_all_campaigns":false,"_monsterinsights_skip_tracking":false,"_monsterinsights_sitenote_active":false,"_monsterinsights_sitenote_note":"","_monsterinsights_sitenote_category":0,"footnotes":""},"class_list":["post-434","page","type-page","status-publish","hentry"],"aioseo_notices":[],"_links":{"self":[{"href":"https:\/\/easylex.com\/startup101\/wp-json\/wp\/v2\/pages\/434","targetHints":{"allow":["GET"]}}],"collection":[{"href":"https:\/\/easylex.com\/startup101\/wp-json\/wp\/v2\/pages"}],"about":[{"href":"https:\/\/easylex.com\/startup101\/wp-json\/wp\/v2\/types\/page"}],"author":[{"embeddable":true,"href":"https:\/\/easylex.com\/startup101\/wp-json\/wp\/v2\/users\/1"}],"replies":[{"embeddable":true,"href":"https:\/\/easylex.com\/startup101\/wp-json\/wp\/v2\/comments?post=434"}],"version-history":[{"count":7,"href":"https:\/\/easylex.com\/startup101\/wp-json\/wp\/v2\/pages\/434\/revisions"}],"predecessor-version":[{"id":486,"href":"https:\/\/easylex.com\/startup101\/wp-json\/wp\/v2\/pages\/434\/revisions\/486"}],"wp:attachment":[{"href":"https:\/\/easylex.com\/startup101\/wp-json\/wp\/v2\/media?parent=434"}],"curies":[{"name":"wp","href":"https:\/\/api.w.org\/{rel}","templated":true}]}}