{"id":47,"date":"2018-09-17T14:58:19","date_gmt":"2018-09-17T14:58:19","guid":{"rendered":"https:\/\/easylex.000webhostapp.com\/?page_id=47"},"modified":"2018-10-14T23:49:37","modified_gmt":"2018-10-14T23:49:37","slug":"glosario","status":"publish","type":"page","link":"https:\/\/easylex.com\/startup101\/glosario\/","title":{"rendered":"Glosario"},"content":{"rendered":"<h3 style=\"font-family: Kollektif; font-size: 48px; line-height: 1.25; margin-bottom: 0;\">\n Glosario<br \/>\n <span style=\"font-family: Kollektif; font-size: 32px; line-height: 1.13; display: block;\">T\u00e9rminolog\u00eda legal<\/span><br \/>\n<\/h3>\n<p><span style=\"font-family: Kollektif; font-size: 18px; font-weight: bold; line-height: 1.67;\">A<\/span><\/p>\n<p><strong>Acta Constitutiva<\/strong><br \/>\nEscritura P\u00fablica que regula y registra legalmente la creaci\u00f3n de una Sociedad, es el documento que le da vida a tu Startup.<\/p>\n<p><strong>Acta de Asamblea<\/strong><br \/>\nActo y documento que acredita la reuni\u00f3n de los accionistas para tomar decisiones sobre la Sociedad. <\/p>\n<p><strong>Apoderado<\/strong><br \/>\nPersona con la capacidad de realizar actos en nombre de la Sociedad. <\/p>\n<p><span style=\"font-family: Kollektif; font-size: 18px; font-weight: bold; line-height: 1.67;\">C<\/span><\/p>\n<p><strong>Capital Social<\/strong><br \/>\nTotal de aportaciones de los accionistas a la Sociedad. <\/p>\n<p><strong>Cl\u00e1usula calvo<\/strong><br \/>\nRestricci\u00f3n para los accionistas extranjeros para invocar la intervenci\u00f3n de su pa\u00eds; se deben sujetar a las leyes mexicanas. <\/p>\n<p><strong>Cl\u00e1usula de exclusi\u00f3n de extranjeros<\/strong><br \/>\nRestricci\u00f3n para admitir accionistas extranjeros.  <\/p>\n<p><strong>Contrato<\/strong><br \/>\nAcuerdo de voluntades que crea derechos y obligaciones.<\/p>\n<p><strong>Convenio<\/strong><br \/>\nAcuerdo de voluntades que modifica o extingue derechos y obligaciones. <\/p>\n<p><strong>Copia certificada<\/strong><br \/>\nEs una copia de un documento original con la misma validez; es emitida por un Notario o Corredor P\u00fablico.  <\/p>\n<p><span style=\"font-family: Kollektif; font-size: 18px; font-weight: bold; line-height: 1.67;\">D<\/span><\/p>\n<p><strong>Denominaci\u00f3n o Raz\u00f3n Social<\/strong><br \/>\nNombre de la Sociedad.<\/p>\n<p><strong>Drag-Along (Derecho de Arrastre)<\/strong><br \/>\nEn caso de venta de la sociedad, es un derecho de los accionistas mayoritarios o inversores para obligar a los otros accionistas a vender sus acciones bajo las mismas condiciones que ellos. <\/p>\n<p><span style=\"font-family: Kollektif; font-size: 18px; font-weight: bold; line-height: 1.67;\">E<\/span><\/p>\n<p><strong>Estatutos sociales<\/strong><br \/>\nReglas que regulan la sociedad, formalizadas en el acta constitutiva.<\/p>\n<p><span style=\"font-family: Kollektif; font-size: 18px; font-weight: bold; line-height: 1.67;\">I<\/span><\/p>\n<p><strong>Inversi\u00f3n neutra<\/strong><br \/>\nAccionistas con derechos corporativos limitados<\/p>\n<p><span style=\"font-family: Kollektif; font-size: 18px; font-weight: bold; line-height: 1.67;\">K<\/span><\/p>\n<p><strong>Know-How<\/strong><br \/>\nConocimiento especializado para hacer algo: informaci\u00f3n, t\u00e9cnicas, procedimientos, entre otros elementos. <\/p>\n<p><span style=\"font-family: Kollektif; font-size: 18px; font-weight: bold; line-height: 1.67;\">L<\/span><\/p>\n<p><strong>Liquidaci\u00f3n<\/strong><br \/>\nMomento en el que se venden los activos de la sociedad para pagar adeudos y realizar el reparto a los acreedores, incluyendo los accionistas.<\/p>\n<p><span style=\"font-family: Kollektif; font-size: 18px; font-weight: bold; line-height: 1.67;\">M<\/span><\/p>\n<p><strong>Marca registrada<\/strong><br \/>\nSigno distintivo de uso exclusivo para su due\u00f1o, registrado ante el Instituto Mexicano de la Propiedad Intelectual (IMPI)<\/p>\n<p><span style=\"font-family: Kollektif; font-size: 18px; font-weight: bold; line-height: 1.67;\">O<\/span><\/p>\n<p><strong>Objeto social<\/strong><br \/>\nActividades permitidas para la sociedad. <\/p>\n<p><span style=\"font-family: Kollektif; font-size: 18px; font-weight: bold; line-height: 1.67;\">P<\/span><\/p>\n<p><strong>Persona moral<\/strong><br \/>\nAgrupaci\u00f3n de personas con un fin com\u00fan especificado en su objeto social y legalmente constituida. <\/p>\n<p><strong>Protocolizaci\u00f3n<\/strong><br \/>\nDocumento pasado por la fe de un notario o corredor p\u00fablico. <\/p>\n<p><span style=\"font-family: Kollektif; font-size: 18px; font-weight: bold; line-height: 1.67;\">Q<\/span><\/p>\n<p><strong>Qu\u00f3rum<\/strong><br \/>\nN\u00famero m\u00ednimo de accionistas o miembros presentes para tomar una decisi\u00f3n en asamblea. <\/p>\n<p><span style=\"font-family: Kollektif; font-size: 18px; font-weight: bold; line-height: 1.67;\">S<\/span><\/p>\n<p><strong>Sociedad mercantil<\/strong><br \/>\nPersona moral con fines de lucro. <\/p>\n<p><strong>Sociedad an\u00f3nima promotora de inversi\u00f3n (S.A.P.I.)<\/strong><br \/>\nSociedad mercantil recomendada para emprendedores gracias a la versatilidad en su estructura<\/p>\n<p><strong>Stock Option Pool<\/strong><br \/>\nEs la reserva de acciones cuyo destino es su entrega futura a personas clave (empleados, colaboradores, CTO, entre otros)  de la Sociedad.<\/p>\n<p><span style=\"font-family: Kollektif; font-size: 18px; font-weight: bold; line-height: 1.67;\">T<\/span><\/p>\n<p><strong>Tag-Along Right o Derecho de Arrastre<\/strong><br \/>\nEn caso de venta por parte de, com\u00fanmente, los socios clave, mayoritarios, inversores, los socios minoritarios pueden exigirle a estos que les consigan el mismo trato para ellos, y en caso de no conseguirlo, se realizar\u00e1 la venta que inicialmente hab\u00eda solicitado el comprador pero prorrateado entre las acciones de los socios que hayan ejercido su derecho.<\/p>\n<p><strong>T\u00edtulo accionario<\/strong><br \/>\nDocumento que acredita la tenencia de un accionista de su debido porcentaje accionario.<\/p>\n<p><span style=\"font-family: Kollektif; font-size: 18px; font-weight: bold; line-height: 1.67;\">V<\/span><\/p>\n<p><strong>Vesting<\/strong><br \/>\nEs un mecanismo para retener el talento dentro de la empresa, consiste en establecer condiciones para que el accionista adquiera las acciones a las que es titular de forma progresiva. Las condiciones pueden ser de tiempo, objetivos o una combinaci\u00f3n de ambos.<\/p>\n","protected":false},"excerpt":{"rendered":"<p>Glosario T\u00e9rminolog\u00eda legal A Acta Constitutiva Escritura P\u00fablica que regula y registra legalmente la creaci\u00f3n de una Sociedad, es el documento que le da vida a tu Startup. Acta de Asamblea Acto y documento que acredita la reuni\u00f3n de los accionistas para tomar decisiones sobre la Sociedad. Apoderado Persona con la capacidad de realizar actos [&hellip;]<\/p>\n","protected":false},"author":1,"featured_media":0,"parent":0,"menu_order":0,"comment_status":"closed","ping_status":"closed","template":"","meta":{"om_disable_all_campaigns":false,"_monsterinsights_skip_tracking":false,"_monsterinsights_sitenote_active":false,"_monsterinsights_sitenote_note":"","_monsterinsights_sitenote_category":0,"footnotes":""},"class_list":["post-47","page","type-page","status-publish","hentry"],"aioseo_notices":[],"_links":{"self":[{"href":"https:\/\/easylex.com\/startup101\/wp-json\/wp\/v2\/pages\/47","targetHints":{"allow":["GET"]}}],"collection":[{"href":"https:\/\/easylex.com\/startup101\/wp-json\/wp\/v2\/pages"}],"about":[{"href":"https:\/\/easylex.com\/startup101\/wp-json\/wp\/v2\/types\/page"}],"author":[{"embeddable":true,"href":"https:\/\/easylex.com\/startup101\/wp-json\/wp\/v2\/users\/1"}],"replies":[{"embeddable":true,"href":"https:\/\/easylex.com\/startup101\/wp-json\/wp\/v2\/comments?post=47"}],"version-history":[{"count":12,"href":"https:\/\/easylex.com\/startup101\/wp-json\/wp\/v2\/pages\/47\/revisions"}],"predecessor-version":[{"id":285,"href":"https:\/\/easylex.com\/startup101\/wp-json\/wp\/v2\/pages\/47\/revisions\/285"}],"wp:attachment":[{"href":"https:\/\/easylex.com\/startup101\/wp-json\/wp\/v2\/media?parent=47"}],"curies":[{"name":"wp","href":"https:\/\/api.w.org\/{rel}","templated":true}]}}