{"id":57,"date":"2018-09-18T02:22:58","date_gmt":"2018-09-18T02:22:58","guid":{"rendered":"https:\/\/easylex.000webhostapp.com\/?page_id=57"},"modified":"2020-08-26T20:53:09","modified_gmt":"2020-08-26T20:53:09","slug":"solicitar-permiso-a-la-secretaria-de-economia","status":"publish","type":"page","link":"https:\/\/easylex.com\/startup101\/solicitar-permiso-a-la-secretaria-de-economia\/","title":{"rendered":"\u00bfQu\u00e9 es una SA de CV?"},"content":{"rendered":"<h2>\u00bfQu\u00e9 es una SA de CV?<\/h2>\n<p>Sociedad an\u00f3nima de capital variable que tiene como caracter\u00edsticas generales:<\/p>\n<ol>\n<li>M\u00ednimo dos accionistas<\/li>\n<li>La responsabilidad de los socios se limita al pago de sus aportaciones<\/li>\n<li>Cada accionista tendr\u00e1 una cantidad de acciones que representan un % de la empresa y tienen un valor<\/li>\n<li>No hay capital m\u00ednimo<\/li>\n<li>La administraci\u00f3n de la sociedad est\u00e1 a cargo de una o varias personas (administrador general \u00fanico o consejo de administraci\u00f3n) que pueden ser o no ser accionistas de la empresa.<\/li>\n<\/ol>\n<p>Este tipo de empresa, es com\u00fanmente utilizada por constructoras, inmobiliarias, etc.. empresas que no necesitan inversi\u00f3n de riesgo, escalables y sin l\u00edmite de ingresos.<\/p>\n","protected":false},"excerpt":{"rendered":"<p>\u00bfQu\u00e9 es una SA de CV? Sociedad an\u00f3nima de capital variable que tiene como caracter\u00edsticas generales: M\u00ednimo dos accionistas La responsabilidad de los socios se limita al pago de sus aportaciones Cada accionista tendr\u00e1 una cantidad de acciones que representan un % de la empresa y tienen un valor No hay capital m\u00ednimo La administraci\u00f3n [&hellip;]<\/p>\n","protected":false},"author":1,"featured_media":0,"parent":0,"menu_order":0,"comment_status":"closed","ping_status":"closed","template":"","meta":{"om_disable_all_campaigns":false,"_monsterinsights_skip_tracking":false,"_monsterinsights_sitenote_active":false,"_monsterinsights_sitenote_note":"","_monsterinsights_sitenote_category":0,"footnotes":""},"class_list":["post-57","page","type-page","status-publish","hentry"],"aioseo_notices":[],"_links":{"self":[{"href":"https:\/\/easylex.com\/startup101\/wp-json\/wp\/v2\/pages\/57","targetHints":{"allow":["GET"]}}],"collection":[{"href":"https:\/\/easylex.com\/startup101\/wp-json\/wp\/v2\/pages"}],"about":[{"href":"https:\/\/easylex.com\/startup101\/wp-json\/wp\/v2\/types\/page"}],"author":[{"embeddable":true,"href":"https:\/\/easylex.com\/startup101\/wp-json\/wp\/v2\/users\/1"}],"replies":[{"embeddable":true,"href":"https:\/\/easylex.com\/startup101\/wp-json\/wp\/v2\/comments?post=57"}],"version-history":[{"count":24,"href":"https:\/\/easylex.com\/startup101\/wp-json\/wp\/v2\/pages\/57\/revisions"}],"predecessor-version":[{"id":397,"href":"https:\/\/easylex.com\/startup101\/wp-json\/wp\/v2\/pages\/57\/revisions\/397"}],"wp:attachment":[{"href":"https:\/\/easylex.com\/startup101\/wp-json\/wp\/v2\/media?parent=57"}],"curies":[{"name":"wp","href":"https:\/\/api.w.org\/{rel}","templated":true}]}}