{"id":60,"date":"2018-09-18T02:25:30","date_gmt":"2018-09-18T02:25:30","guid":{"rendered":"https:\/\/easylex.000webhostapp.com\/?page_id=60"},"modified":"2020-08-26T20:54:51","modified_gmt":"2020-08-26T20:54:51","slug":"formalizar-tus-estatutos-sociales","status":"publish","type":"page","link":"https:\/\/easylex.com\/startup101\/formalizar-tus-estatutos-sociales\/","title":{"rendered":"\u00bfQu\u00e9 es una S de RL de CV?"},"content":{"rendered":"<h2>\u00bfQu\u00e9 es una S de RL de CV?<\/h2>\n<p>Sociedad de responsabilidad limitada de capital variable, que tiene como caracter\u00edsticas generales:<\/p>\n<ol>\n<li>M\u00ednimo dos socios y m\u00e1ximo cincuenta<\/li>\n<li>La responsabilidad de los socios se limita al pago$ de sus aportaciones<\/li>\n<li>Cada socio tendr\u00e1 un parte social<\/li>\n<li>No hay capital m\u00ednimo<\/li>\n<li>La administraci\u00f3n de la sociedad est\u00e1 a cargo de una o varias personas (gerente o consejo de gerentes) que pueden ser o no socios de la empresa.<\/li>\n<\/ol>\n<p>Este tipo de empresa, com\u00fanmente se utiliza para empresas familiares, con cualquier giro y que quieren limitar la participaci\u00f3n de nuevos socios.<\/p>\n","protected":false},"excerpt":{"rendered":"<p>\u00bfQu\u00e9 es una S de RL de CV? Sociedad de responsabilidad limitada de capital variable, que tiene como caracter\u00edsticas generales: M\u00ednimo dos socios y m\u00e1ximo cincuenta La responsabilidad de los socios se limita al pago$ de sus aportaciones Cada socio tendr\u00e1 un parte social No hay capital m\u00ednimo La administraci\u00f3n de la sociedad est\u00e1 a [&hellip;]<\/p>\n","protected":false},"author":1,"featured_media":0,"parent":0,"menu_order":0,"comment_status":"closed","ping_status":"closed","template":"","meta":{"om_disable_all_campaigns":false,"_monsterinsights_skip_tracking":false,"_monsterinsights_sitenote_active":false,"_monsterinsights_sitenote_note":"","_monsterinsights_sitenote_category":0,"footnotes":""},"class_list":["post-60","page","type-page","status-publish","hentry"],"aioseo_notices":[],"_links":{"self":[{"href":"https:\/\/easylex.com\/startup101\/wp-json\/wp\/v2\/pages\/60","targetHints":{"allow":["GET"]}}],"collection":[{"href":"https:\/\/easylex.com\/startup101\/wp-json\/wp\/v2\/pages"}],"about":[{"href":"https:\/\/easylex.com\/startup101\/wp-json\/wp\/v2\/types\/page"}],"author":[{"embeddable":true,"href":"https:\/\/easylex.com\/startup101\/wp-json\/wp\/v2\/users\/1"}],"replies":[{"embeddable":true,"href":"https:\/\/easylex.com\/startup101\/wp-json\/wp\/v2\/comments?post=60"}],"version-history":[{"count":12,"href":"https:\/\/easylex.com\/startup101\/wp-json\/wp\/v2\/pages\/60\/revisions"}],"predecessor-version":[{"id":398,"href":"https:\/\/easylex.com\/startup101\/wp-json\/wp\/v2\/pages\/60\/revisions\/398"}],"wp:attachment":[{"href":"https:\/\/easylex.com\/startup101\/wp-json\/wp\/v2\/media?parent=60"}],"curies":[{"name":"wp","href":"https:\/\/api.w.org\/{rel}","templated":true}]}}