{"id":67,"date":"2018-09-18T02:58:57","date_gmt":"2018-09-18T02:58:57","guid":{"rendered":"https:\/\/easylex.000webhostapp.com\/?page_id=67"},"modified":"2020-08-26T21:19:41","modified_gmt":"2020-08-26T21:19:41","slug":"estatutos-vs-pacto-de-socios","status":"publish","type":"page","link":"https:\/\/easylex.com\/startup101\/estatutos-vs-pacto-de-socios\/","title":{"rendered":"Estatutos vs Pacto de Socios"},"content":{"rendered":"<h2>Estatutos vs. Pacto de Socios<\/h2>\n<p>Lo primero que tienes que tener en cuenta es que el <b>Pacto de Socios y los Estatutos Sociales<\/b>, aunque se parecen, NO son iguales. <\/p>\n<p>Los Estatutos Sociales son un documento <u>p\u00fablico<\/u>, obligatorio, que tiene que ser firmado por un Fedatario P\u00fablico (corredor o notario) y que debe inscribirse en el Registro P\u00fablico de la Propiedad y del Comercio. <\/p>\n<p>Este documento es el que le da vida a tu Startup y su cumplimiento es obligaci\u00f3n de todos los socios, sin importar el momento en que se unan a tu equipo. <\/p>\n<p>Un Pacto de Socios, por otro lado, es un contrato <u>privado<\/u> que no es obligatorio para que exista tu Startup y que su cumplimiento es obligaci\u00f3n \u00fanicamente de los socios que lo firman\u2026 \u00bfsu finalidad? completar, ampliar, desarrollar y especificar los Estatutos Sociales. <\/p>\n<p>Comencemos por los Estatutos Sociales, en este documento debes pactar con tus socios, cu\u00e1l ser\u00e1 el Capital Social, qui\u00e9nes ser\u00e1n accionistas, cu\u00e1l ser\u00e1 el domicilio de tu Startup, su nacionalidad, su duraci\u00f3n, bueno, en resumen, todos los requisitos que establece la Ley General de Sociedades Mercantiles y la Ley del Mercado de Valores. <\/p>\n<p>Modificar los Estatutos Sociales es muy complicado, tardado y sobretodo costoso, ya que debes convocar a una Asamblea de Accionistas y hacer muchos tr\u00e1mites aburridos, es por eso que los Estatutos Sociales deben estar escritos de la forma m\u00e1s sencilla y limpia posible (obvio cumpliendo con los requisitos m\u00ednimos de la Ley), as\u00ed no deber\u00e1s modificarlos cada que entre un nuevo socio, cada que recibas inversi\u00f3n, etc\u2026 entonces, \u00bfc\u00f3mo pactar\u00e9 esos cambios?, en un Pacto de Socios. <\/p>\n<p>Lo primero que tienes que saber es que el Pacto de Socios no se encuentra regulado en ninguna Ley, su funcionamiento no depende de ning\u00fan tr\u00e1mite y para modificarlos \u00fanicamente tienes que imprimir la nueva versi\u00f3n y recabar las firmas de los socios involucrados. Es importante que sepas que pueden existir varios Pactos de Socios, ya que no todos los socios tienen que cumplir con las mismas obligaciones. <\/p>\n<p>Los inversionistas siempre buscar\u00e1n que tu Startup tenga m\u00ednimo un Pacto de Socios\u2026 \u00bfpor qu\u00e9?, porque es la forma m\u00e1s f\u00e1cil de protegerlos; aqu\u00ed es en donde debes establecer las condiciones del vesting, mecanismos como drag-along y tag-along, derechos de preferencia, cl\u00e1usulas de anti-diluci\u00f3n,employee stock option pool, etc. <\/p>\n<p><b>Nuestro consejo<\/b>, la redacci\u00f3n de ambos documentos debe ser clara, el primero debe ser general y el segundo espec\u00edfico para cada nueva etapa de tu Startup. Ambos documentos deben ser compatibles y complementarse entre s\u00ed. <\/p>\n","protected":false},"excerpt":{"rendered":"<p>Estatutos vs. Pacto de Socios Lo primero que tienes que tener en cuenta es que el Pacto de Socios y los Estatutos Sociales, aunque se parecen, NO son iguales. Los Estatutos Sociales son un documento p\u00fablico, obligatorio, que tiene que ser firmado por un Fedatario P\u00fablico (corredor o notario) y que debe inscribirse en el [&hellip;]<\/p>\n","protected":false},"author":1,"featured_media":0,"parent":0,"menu_order":0,"comment_status":"closed","ping_status":"closed","template":"","meta":{"om_disable_all_campaigns":false,"_monsterinsights_skip_tracking":false,"_monsterinsights_sitenote_active":false,"_monsterinsights_sitenote_note":"","_monsterinsights_sitenote_category":0,"footnotes":""},"class_list":["post-67","page","type-page","status-publish","hentry"],"aioseo_notices":[],"_links":{"self":[{"href":"https:\/\/easylex.com\/startup101\/wp-json\/wp\/v2\/pages\/67","targetHints":{"allow":["GET"]}}],"collection":[{"href":"https:\/\/easylex.com\/startup101\/wp-json\/wp\/v2\/pages"}],"about":[{"href":"https:\/\/easylex.com\/startup101\/wp-json\/wp\/v2\/types\/page"}],"author":[{"embeddable":true,"href":"https:\/\/easylex.com\/startup101\/wp-json\/wp\/v2\/users\/1"}],"replies":[{"embeddable":true,"href":"https:\/\/easylex.com\/startup101\/wp-json\/wp\/v2\/comments?post=67"}],"version-history":[{"count":7,"href":"https:\/\/easylex.com\/startup101\/wp-json\/wp\/v2\/pages\/67\/revisions"}],"predecessor-version":[{"id":404,"href":"https:\/\/easylex.com\/startup101\/wp-json\/wp\/v2\/pages\/67\/revisions\/404"}],"wp:attachment":[{"href":"https:\/\/easylex.com\/startup101\/wp-json\/wp\/v2\/media?parent=67"}],"curies":[{"name":"wp","href":"https:\/\/api.w.org\/{rel}","templated":true}]}}