{"id":73,"date":"2018-09-18T03:00:19","date_gmt":"2018-09-18T03:00:19","guid":{"rendered":"https:\/\/easylex.000webhostapp.com\/?page_id=73"},"modified":"2019-05-02T14:55:50","modified_gmt":"2019-05-02T14:55:50","slug":"acciones-y-sus-derechos","status":"publish","type":"page","link":"https:\/\/easylex.com\/startup101\/acciones-y-sus-derechos\/","title":{"rendered":"Acciones y sus derechos"},"content":{"rendered":"<h2>Acciones y sus derechos<\/h2>\n<p>Una de las muchas ventajas de las S.A.P.I. de C.V., es que permiten que los Accionistas tengan distintos derechos y que sus Acciones tengan valores diferentes.<\/p>\n<p>Comencemos por diferenciar los derechos que otorgan las Acciones, primero est\u00e1n los derechos corporativos, que son los derechos que los Accionistas tienen para participar en las decisiones de la sociedad a trav\u00e9s de su voto.<\/p>\n<p>Por otro lado est\u00e1n, los derechos econ\u00f3micos, que son los derechos que los Accionistas tienen de recibir ingresos y utilidades de la sociedad.<\/p>\n<p>Cada Accionista puede tener diferentes derechos dependiendo de la Serie de Acciones a la que pertenezca, por ejemplo:<\/p>\n<ul>\n<li>\n<p style=\"margin-bottom: 10px!important;\"><b>Derecho a votar en todas las decisiones.<\/b><\/p>\n<\/li>\n<li>\n<p style=\"margin-bottom: 10px!important;\"><b>Derecho a votar en ciertas decisiones.<\/b><\/p>\n<\/li>\n<li>\n<p style=\"margin-bottom: 10px!important;\"><b>Sin derecho a voto.<\/b><\/p>\n<\/li>\n<li>\n<p style=\"margin-bottom: 10px!important;\"><b>Derechos econ\u00f3micos preferentes; consisten en que los due\u00f1os de esas Acciones recibir\u00e1n un mayor porcentaje de utilidades, un dividendo extra, en caso de liquidaci\u00f3n recibir\u00e1n el reembolso de su dinero primero, etc. <\/b><\/p>\n<\/li>\n<li>\n<p style=\"margin-bottom: 10px!important;\"><b>Derecho a veto.<\/b><\/p>\n<\/li>\n<li>\n<p style=\"margin-bottom: 10px!important;\"><b>Derecho a voto favorable. <\/b><\/p>\n<\/li>\n<\/ul>\n<p align=\"justify\">Supongamos que el capital social de tu Startup se conforma de la siguiente manera:<\/p>\n<table style=\"table-collapse: collapse; border: 2px solid #d1f4f8;\" width=\"595\" cellspacing=\"0\" cellpadding=\"4\">\n<colgroup>\n<col style=\"border: 2px solid #d1f4f8;\" width=\"130\" \/>\n<col style=\"border: 2px solid #d1f4f8;\" width=\"136\" \/>\n<col style=\"border: 2px solid #d1f4f8;\" width=\"99\" \/>\n<col style=\"border: 2px solid #d1f4f8;\" width=\"101\" \/>\n<col style=\"border: 2px solid #d1f4f8;\" width=\"87\" \/> <\/colgroup>\n<tbody>\n<tr>\n<td rowspan=\"2\" valign=\"middle\" align=\"center\" width=\"130\" height=\"27\">\nAccionistas\n<\/td>\n<td width=\"136\" height=\"60\" valign=\"middle\" align=\"center\" style=\"border: 2px solid #d1f4f8;\">\n Parte Fija\n<\/td>\n<td colspan=\"2\" height=\"60\" width=\"208\" valign=\"middle\" align=\"center\" style=\"border: 2px solid #d1f4f8;\">\n Parte Variable\n<\/td>\n<td rowspan=\"2\" width=\"87\" valign=\"middle\" align=\"center\">\nPorcentaje\n<\/td>\n<\/tr>\n<tr>\n<td width=\"136\" valign=\"middle\" align=\"center\" style=\"background-color: #d1f4f8;\">\nAcciones<br \/>\nserie \u201cA\u00bb\n<\/td>\n<td width=\"99\" valign=\"middle\" align=\"center\" style=\"background-color: #d1f4f8;\">\nAcciones<br \/>\nserie \u201cB\u201d\n<\/td>\n<td width=\"101\" valign=\"middle\" align=\"center\" style=\"background-color: #d1f4f8;\">\nAcciones<br \/>\nserie \u201cC\u201d\n<\/td>\n<\/tr>\n<tr style=\"border: 0;\">\n<td valign=\"middle\" height=\"60\" align=\"center\" style=\"border-color: transparent!important;\">\nRodr\u00edgo\n<\/td>\n<td valign=\"middle\" height=\"60\" align=\"center\" style=\"border-color: transparent!important;\">\n35,000\n<\/td>\n<td valign=\"middle\" height=\"60\" align=\"center\" style=\"border-color: transparent!important;\">\n14,000\n<\/td>\n<td valign=\"middle\" height=\"60\" align=\"center\" style=\"border-color: transparent!important;\">\n-0-\n<\/td>\n<td valign=\"middle\" height=\"60\" align=\"center\" style=\"border-color: transparent!important;\">\n49%\n<\/td>\n<\/tr>\n<tr style=\"border: 0;\">\n<td valign=\"middle\" height=\"60\" align=\"center\" style=\"border-color: transparent!important;\">\nAndrea\n<\/td>\n<td valign=\"middle\" height=\"60\" align=\"center\" style=\"border-color: transparent!important;\">\n5,000\n<\/td>\n<td valign=\"middle\" height=\"60\" align=\"center\" style=\"border-color: transparent!important;\">\n44,000\n<\/td>\n<td valign=\"middle\" height=\"60\" align=\"center\" style=\"border-color: transparent!important;\">\n-0-\n<\/td>\n<td valign=\"middle\" height=\"60\" align=\"center\" style=\"border-color: transparent!important;\">\n49%\n<\/td>\n<\/tr>\n<tr style=\"border: 0;\">\n<td valign=\"middle\" height=\"60\" align=\"center\" style=\"border-color: transparent!important;\">\nAlberto\n<\/td>\n<td valign=\"middle\" height=\"60\" align=\"center\" style=\"border-color: transparent!important;\">\n-0-\n<\/td>\n<td valign=\"middle\" height=\"60\" align=\"center\" style=\"border-color: transparent!important;\">\n-0-\n<\/td>\n<td valign=\"middle\" height=\"60\" align=\"center\" style=\"border-color: transparent!important;\">\n2,000\n<\/td>\n<td valign=\"middle\" height=\"60\" align=\"center\" style=\"border-color: transparent!important;\">\n2%\n<\/td>\n<\/tr>\n<tr style=\"border: 0;\">\n<td height=\"60\" valign=\"middle\" align=\"center\" style=\"border-color: transparent!important;\">\nTotales\n<\/td>\n<td height=\"60\" valign=\"middle\" align=\"center\" style=\"border-color: transparent!important;\">\n40,000\n<\/td>\n<td height=\"60\" valign=\"middle\" align=\"center\" style=\"border-color: transparent!important;\">\n58,000\n<\/td>\n<td height=\"60\" valign=\"middle\" align=\"center\" style=\"border-color: transparent!important;\">\n2,000\n<\/td>\n<td height=\"60\" valign=\"middle\" align=\"center\" style=\"border-color: transparent!important;\">\n100%\n<\/td>\n<\/tr>\n<\/tbody>\n<\/table>\n<p>En el ejemplo anterior, tenemos tres tipos de Acciones diferentes, Acciones \u201cSerie A\u201d, Acciones \u201cSerie B\u201d y Acciones \u201cSerie C\u201d:<\/p>\n<p style=\"margin-bottom: 10px!important;\">1. Los Accionistas de las Acciones \u201cSerie A\u201d tienen los siguientes derechos:<\/p>\n<ol type=\"a\">\n<li>Derecho a votar en todas las decisiones de la sociedad.\n<\/li>\n<li>\n<p>Derecho a voto favorable.<\/p>\n<\/li>\n<\/ol>\n<p style=\"margin-bottom: 10px!important;\">2. Los Accionistas de las Acciones \u201cSerie B\u201d tienen los siguientes derechos:<\/p>\n<ol type=\"a\">\n<li>Derechos econ\u00f3micos preferentes.<\/li>\n<\/ol>\n<p style=\"margin-bottom: 10px!important;\">3. Los Accionistas de las Acciones \u201cSerie C\u201d tienen los siguientes derechos:<\/p>\n<ol type=\"a\">\n<li>Acciones sin derecho a voto.\n<\/li>\n<li>\nAcciones con derechos econ\u00f3micos normales.\n<\/li>\n<\/ol>\n<p>Es muy importante que recuerdes que nunca podr\u00e1s privarle a un Accionista su derecho a participar en las ganancias de la sociedad y su derecho a ser representado en <strong>Asambleas Generales Extraordinarias<\/strong> y <strong>Asambleas Especiales de Accionistas<\/strong>.<\/p>\n","protected":false},"excerpt":{"rendered":"<p>Acciones y sus derechos Una de las muchas ventajas de las S.A.P.I. de C.V., es que permiten que los Accionistas tengan distintos derechos y que sus Acciones tengan valores diferentes. Comencemos por diferenciar los derechos que otorgan las Acciones, primero est\u00e1n los derechos corporativos, que son los derechos que los Accionistas tienen para participar en [&hellip;]<\/p>\n","protected":false},"author":1,"featured_media":0,"parent":0,"menu_order":0,"comment_status":"closed","ping_status":"closed","template":"","meta":{"om_disable_all_campaigns":false,"_monsterinsights_skip_tracking":false,"_monsterinsights_sitenote_active":false,"_monsterinsights_sitenote_note":"","_monsterinsights_sitenote_category":0,"footnotes":""},"class_list":["post-73","page","type-page","status-publish","hentry"],"aioseo_notices":[],"_links":{"self":[{"href":"https:\/\/easylex.com\/startup101\/wp-json\/wp\/v2\/pages\/73","targetHints":{"allow":["GET"]}}],"collection":[{"href":"https:\/\/easylex.com\/startup101\/wp-json\/wp\/v2\/pages"}],"about":[{"href":"https:\/\/easylex.com\/startup101\/wp-json\/wp\/v2\/types\/page"}],"author":[{"embeddable":true,"href":"https:\/\/easylex.com\/startup101\/wp-json\/wp\/v2\/users\/1"}],"replies":[{"embeddable":true,"href":"https:\/\/easylex.com\/startup101\/wp-json\/wp\/v2\/comments?post=73"}],"version-history":[{"count":12,"href":"https:\/\/easylex.com\/startup101\/wp-json\/wp\/v2\/pages\/73\/revisions"}],"predecessor-version":[{"id":350,"href":"https:\/\/easylex.com\/startup101\/wp-json\/wp\/v2\/pages\/73\/revisions\/350"}],"wp:attachment":[{"href":"https:\/\/easylex.com\/startup101\/wp-json\/wp\/v2\/media?parent=73"}],"curies":[{"name":"wp","href":"https:\/\/api.w.org\/{rel}","templated":true}]}}