{"id":75,"date":"2018-09-18T03:00:53","date_gmt":"2018-09-18T03:00:53","guid":{"rendered":"https:\/\/easylex.000webhostapp.com\/?page_id=75"},"modified":"2022-06-02T12:57:48","modified_gmt":"2022-06-02T12:57:48","slug":"consejo-de-administracion","status":"publish","type":"page","link":"https:\/\/easylex.com\/startup101\/consejo-de-administracion\/","title":{"rendered":"Consejo de Administraci\u00f3n"},"content":{"rendered":"<h2>Consejo de administraci\u00f3n<\/h2>\n<p>Tu Startup deber\u00e1 ser administrada por Consejo de Administraci\u00f3n conformado por dos o m\u00e1s personas y que pueden ser o no ser Accionista de la sociedad.<\/p>\n<p><strong>\u00bfCu\u00e1les son los roles y c\u00f3mo funciona?<\/strong><\/p>\n<p>Normalmente, el Consejo de Administraci\u00f3n se conforma por 3 personas: Presidente, Tesorero y Secretario.<\/p>\n<p>Para que sus decisiones sean v\u00e1lidas deber\u00e1n estar presentes, por lo menos, la mitad de sus miembros y que la mayor\u00eda de los presentes voten a favor.<\/p>\n<p>Te recomendamos que tu Consejo de Administraci\u00f3n se conforme por un n\u00famero impar, as\u00ed, evitar\u00e1s empate al momento de una votaci\u00f3n, en caso de que sea un n\u00famero par, el Presidente tendr\u00e1 el voto decisivo.<\/p>\n<p><strong>\u00bfQui\u00e9n elige el Consejo y cu\u00e1nto duran sus cargos?<\/strong><\/p>\n<p>Los miembros del Consejo de Administraci\u00f3n podr\u00e1n ser nombrados, reelegidos y removidos de sus cargos, en cualquier momento, por los Accionistas en una <strong>Asamblea General Ordinaria de Accionistas<\/strong>.<\/p>\n<p><strong>\u00bfCu\u00e1les son las facultades del Consejo de Administraci\u00f3n?<\/strong><\/p>\n<p>El Consejo de Administraci\u00f3n es el encargado de las <strong>operaciones diarias de la sociedad<\/strong> y sus l\u00edmites son fijados por los Accionistas.<\/p>\n<p><strong>\u00bfC\u00f3mo protejo la sociedad de las decisiones del Consejo de Administraci\u00f3n?<\/strong><\/p>\n<p>Todos los miembros del Consejo, al aceptar su cargo, son responsables ante la sociedad por las decisiones que tomen.<\/p>\n","protected":false},"excerpt":{"rendered":"<p>Consejo de administraci\u00f3n Tu Startup deber\u00e1 ser administrada por Consejo de Administraci\u00f3n conformado por dos o m\u00e1s personas y que pueden ser o no ser Accionista de la sociedad. \u00bfCu\u00e1les son los roles y c\u00f3mo funciona? Normalmente, el Consejo de Administraci\u00f3n se conforma por 3 personas: Presidente, Tesorero y Secretario. Para que sus decisiones sean [&hellip;]<\/p>\n","protected":false},"author":1,"featured_media":0,"parent":0,"menu_order":0,"comment_status":"closed","ping_status":"closed","template":"","meta":{"om_disable_all_campaigns":false,"_monsterinsights_skip_tracking":false,"_monsterinsights_sitenote_active":false,"_monsterinsights_sitenote_note":"","_monsterinsights_sitenote_category":0,"footnotes":""},"class_list":["post-75","page","type-page","status-publish","hentry"],"aioseo_notices":[],"_links":{"self":[{"href":"https:\/\/easylex.com\/startup101\/wp-json\/wp\/v2\/pages\/75","targetHints":{"allow":["GET"]}}],"collection":[{"href":"https:\/\/easylex.com\/startup101\/wp-json\/wp\/v2\/pages"}],"about":[{"href":"https:\/\/easylex.com\/startup101\/wp-json\/wp\/v2\/types\/page"}],"author":[{"embeddable":true,"href":"https:\/\/easylex.com\/startup101\/wp-json\/wp\/v2\/users\/1"}],"replies":[{"embeddable":true,"href":"https:\/\/easylex.com\/startup101\/wp-json\/wp\/v2\/comments?post=75"}],"version-history":[{"count":7,"href":"https:\/\/easylex.com\/startup101\/wp-json\/wp\/v2\/pages\/75\/revisions"}],"predecessor-version":[{"id":450,"href":"https:\/\/easylex.com\/startup101\/wp-json\/wp\/v2\/pages\/75\/revisions\/450"}],"wp:attachment":[{"href":"https:\/\/easylex.com\/startup101\/wp-json\/wp\/v2\/media?parent=75"}],"curies":[{"name":"wp","href":"https:\/\/api.w.org\/{rel}","templated":true}]}}