{"id":79,"date":"2018-09-18T03:01:48","date_gmt":"2018-09-18T03:01:48","guid":{"rendered":"https:\/\/easylex.000webhostapp.com\/?page_id=79"},"modified":"2020-08-26T21:24:10","modified_gmt":"2020-08-26T21:24:10","slug":"vesting","status":"publish","type":"page","link":"https:\/\/easylex.com\/startup101\/vesting\/","title":{"rendered":"Vesting"},"content":{"rendered":"<h2>Vesting<\/h2>\n<p>El Vesting consiste en establecer un periodo m\u00ednimo de permanencia de los socios y solo despu\u00e9s de ese periodo recibir\u00e1n la totalidad de sus Acciones (no te preocupes, lo entender\u00e1s con el ejemplo).<\/p>\n<p><b>\u00bfCu\u00e1l es su finalidad? <\/b><\/p>\n<p>Es una forma de garantizar el compromiso y la permanencia de tu equipo. Imagina que t\u00fa y Jos\u00e9 deciden comenzar la Startup Y,cada uno con el 50% de las Acciones, inviertes todo tu tiempo, dinero y esfuerzo, a los 5 meses a Jos\u00e9 le ofrecen un trabajo en Francia y decide irse\u2026 \u00bfqu\u00e9 haces?, \u00bfdejas que se lleve el 50% de tu empresa?&#8230; el Vesting te protege justamente de ese tipo de situaciones.<\/p>\n<p>Y no te olvides de tu inversionista, es una forma de asegurarle que t\u00fa y tu equipo est\u00e1n comprometidos y que no les soltar\u00e1 el dinero y se ir\u00e1n del pa\u00eds. <\/p>\n<p><b>\u00bfC\u00f3mo funciona?<\/b><\/p>\n<p>Supongamos que tu equipo es el siguiente: <\/p>\n<table>\n<tr>\n<td>ACCIONISTA<\/td>\n<td>PORCENTAJE ACCIONARIO<\/td>\n<td>VESTING<\/td>\n<\/tr>\n<tr>\n<td>Pedro<\/td>\n<td>50%<\/td>\n<td>Sujeto a Vesting por 3 a\u00f1os.<\/td>\n<\/tr>\n<tr>\n<td>Andrea<\/td>\n<td>20%<\/td>\n<td>Sujeto a Vesting por 3 a\u00f1os.<\/td>\n<\/tr>\n<tr style=\"background-color: white;\">\n<td>Lizbeth<\/td>\n<td>30%<\/td>\n<td>Sujeto a Vesting por 3 a\u00f1os.<\/td>\n<\/tr>\n<\/table>\n<p>En el ejemplo anterior, todos los socios se sujetaron a un periodo de Vesting de 3 a\u00f1os, en donde recibir\u00e1n un porcentaje de Acciones mes con mes\u2026 entonces: <\/p>\n<ul>\n<li>Pedro recibir\u00e1 1.38% mes con mes, es decir, 50% entre 36 meses (3 a\u00f1os). <\/li>\n<li>Andrea recibir\u00e1 0.55% mes con mes, es decir, 20% entre 36 meses (3 a\u00f1os). <\/li>\n<li>Lizbeth recibir\u00e1 0.83% mes con mes, es decir, 30% entre 36 meses (3 a\u00f1os). <\/li>\n<\/ul>\n<p>De esta forma, garantizas su permanencia y\u2026 \u00bfsi se quieren ir?, se llevan \u00fanicamente lo acumulado a esa fecha. Imagina que Lizbeth decide irse a los 9 meses, se llevar\u00e1 consigo \u00fanicamente el 7.5% (0.83% * 9 meses) y no el 30% y\u2026 \u00bfqu\u00e9 pasa con el resto?, se cancela, por lo que vuelve a la empresa y no se desperdicia en un socio que al final no estaba comprometido.  <\/p>\n<p>Es muy importante que tengas claro que aunque sus Acciones se van desbloqueando mes con mes, esto no significa que no sean due\u00f1os del porcentaje no liberado, sino al contrario, significa que podr\u00e1n perderlo si deciden abandonar el barco.<\/p>\n<p><b>\u00bfQu\u00e9 es un periodo Cliff? <\/b><\/p>\n<p>Por si no fuera lo suficientemente complicado, a\u00fan te tenemos que explicar que es un periodo Cliff, bueno, este periodo consiste en un periodo dentro del periodo Vesting, en donde el socio que se va, no se lleva nada si no supera el periodo Cliff. Sigamos con el ejemplo anterior, pero ahora as\u00ed: <\/p>\n<table>\n<tr style=\"background-color: white;\">\n<td>Pedro<\/td>\n<td>50%<\/td>\n<td>Sujeto a Vesting por 3 a\u00f1os.<\/td>\n<\/tr>\n<tr>\n<td>Andrea<\/td>\n<td>20%<\/td>\n<td>Sujeto a Vesting por 3 a\u00f1os.<\/td>\n<\/tr>\n<tr style=\"background-color: white;\">\n<td>Lizbeth<\/td>\n<td>30%<\/td>\n<td>Sujeto a Vesting por 3 a\u00f1os.<\/td>\n<\/tr>\n<\/table>\n<p>En este ejemplo, recibir\u00e1n sus Acciones divididas en 36 meses, igual que en el ejemplo anterior, pero\u2026 supongamos que Lizbeth decide irse a los 9 meses, en el ejemplo anterior se llevar\u00eda 7.5% de sus Acciones, en este ejemplo, no se llevar\u00eda nada, ya que el periodo Cliff significa que, aunque mes con mes se acumulan sus Acciones, \u00fanicamente cuando pasa el a\u00f1o de periodo de Cliff, en este caso, tiene derecho a recibir el porcentaje acumulado.<\/p>\n<p>Si se fuera al mes 11 tampoco se llevar\u00eda nada\u2026 pero, al mes 12 autom\u00e1ticamente recibir\u00eda el 10% (0.83% * 12), en resumen, es un bloqueo dentro del bloqueo.<\/p>\n","protected":false},"excerpt":{"rendered":"<p>Vesting El Vesting consiste en establecer un periodo m\u00ednimo de permanencia de los socios y solo despu\u00e9s de ese periodo recibir\u00e1n la totalidad de sus Acciones (no te preocupes, lo entender\u00e1s con el ejemplo). \u00bfCu\u00e1l es su finalidad? Es una forma de garantizar el compromiso y la permanencia de tu equipo. Imagina que t\u00fa y [&hellip;]<\/p>\n","protected":false},"author":1,"featured_media":0,"parent":0,"menu_order":0,"comment_status":"closed","ping_status":"closed","template":"","meta":{"om_disable_all_campaigns":false,"_monsterinsights_skip_tracking":false,"_monsterinsights_sitenote_active":false,"_monsterinsights_sitenote_note":"","_monsterinsights_sitenote_category":0,"footnotes":""},"class_list":["post-79","page","type-page","status-publish","hentry"],"aioseo_notices":[],"_links":{"self":[{"href":"https:\/\/easylex.com\/startup101\/wp-json\/wp\/v2\/pages\/79","targetHints":{"allow":["GET"]}}],"collection":[{"href":"https:\/\/easylex.com\/startup101\/wp-json\/wp\/v2\/pages"}],"about":[{"href":"https:\/\/easylex.com\/startup101\/wp-json\/wp\/v2\/types\/page"}],"author":[{"embeddable":true,"href":"https:\/\/easylex.com\/startup101\/wp-json\/wp\/v2\/users\/1"}],"replies":[{"embeddable":true,"href":"https:\/\/easylex.com\/startup101\/wp-json\/wp\/v2\/comments?post=79"}],"version-history":[{"count":4,"href":"https:\/\/easylex.com\/startup101\/wp-json\/wp\/v2\/pages\/79\/revisions"}],"predecessor-version":[{"id":405,"href":"https:\/\/easylex.com\/startup101\/wp-json\/wp\/v2\/pages\/79\/revisions\/405"}],"wp:attachment":[{"href":"https:\/\/easylex.com\/startup101\/wp-json\/wp\/v2\/media?parent=79"}],"curies":[{"name":"wp","href":"https:\/\/api.w.org\/{rel}","templated":true}]}}