{"id":81,"date":"2018-09-18T03:02:26","date_gmt":"2018-09-18T03:02:26","guid":{"rendered":"https:\/\/easylex.000webhostapp.com\/?page_id=81"},"modified":"2020-08-26T21:26:54","modified_gmt":"2020-08-26T21:26:54","slug":"drag-along-y-tag-along","status":"publish","type":"page","link":"https:\/\/easylex.com\/startup101\/drag-along-y-tag-along\/","title":{"rendered":"Drag Along y Tag Along"},"content":{"rendered":"<h2>Drag Along y Tag Along<\/h2>\n<p>Los derechos drag along (derecho de arrastre) y tag along (derecho de acompa\u00f1amiento),son mecanismos que protegen a los Accionistas de otros Accionistas en el momento en que surja la opci\u00f3n de venta de la sociedad o de sus propias Acciones.<\/p>\n<p>Como ya lo hemos mencionado, este tipo de mecanismos se deben de establecer en un Pacto de Socios.<\/p>\n<h2>1. Drag Along <\/h2>\n<p><strong>\u00bfA qui\u00e9n protege?<\/strong><\/p>\n<p>Protege a los socios mayoritarios al momento de una oferta de venta de toda la empresa.<\/p>\n<p><strong>\u00bfC\u00f3mo funciona?<\/strong><\/p>\n<p>Los socios mayoritarios podr\u00e1n exigir a los socios minoritarios la venta de sus Acciones en las mismas condiciones que ellos al momento de una propuesta de venta.<\/p>\n<p>Lo m\u00e1s com\u00fan es que el porcentaje m\u00ednimo para hacer uso del drag along sea del 51%, sin embargo, puede pactarse un porcentaje mayor.<\/p>\n<p>Un ejemplo: Jos\u00e9 y Andrea fundaron la Startup Y, despu\u00e9s de un tiempo recibieron inversi\u00f3n por parte de Juan, Roberto y Ana, el porcentaje accionario qued\u00f3 de la siguiente forma:<\/p>\n<table width=\"561\" cellspacing=\"0\" cellpadding=\"7\">\n<colgroup>\n<col width=\"265\" \/>\n<col width=\"266\" \/> <\/colgroup>\n<tbody>\n<tr valign=\"top\">\n<td width=\"265\" height=\"9\">\n<p align=\"center\"><span><b>Accionista<\/b><\/span><\/p>\n<\/td>\n<td width=\"266\">\n<p align=\"center\"><span><b>Porcentaje<\/b><\/span><\/p>\n<\/td>\n<\/tr>\n<tr valign=\"top\">\n<td width=\"265\" height=\"10\">\n<p align=\"center\"><span>Andrea<\/span><\/p>\n<\/td>\n<td width=\"266\">\n<p align=\"center\"><span>15%<\/span><\/p>\n<\/td>\n<\/tr>\n<tr valign=\"top\">\n<td width=\"265\" height=\"10\">\n<p align=\"center\"><span>Jos\u00e9<\/span><\/p>\n<\/td>\n<td width=\"266\">\n<p align=\"center\"><span>15%<\/span><\/p>\n<\/td>\n<\/tr>\n<tr valign=\"top\">\n<td width=\"265\" height=\"10\">\n<p align=\"center\"><span>Juan<\/span><\/p>\n<\/td>\n<td width=\"266\">\n<p align=\"center\"><span>40%<\/span><\/p>\n<\/td>\n<\/tr>\n<tr valign=\"top\">\n<td width=\"265\" height=\"11\">\n<p align=\"center\"><span>Roberto<\/span><\/p>\n<\/td>\n<td width=\"266\">\n<p align=\"center\"><span>25%<\/span><\/p>\n<\/td>\n<\/tr>\n<tr valign=\"top\">\n<td width=\"265\" height=\"10\">\n<p align=\"center\"><span>Ana<\/span><\/p>\n<\/td>\n<td width=\"266\">\n<p align=\"center\"><span>5%<\/span><\/p>\n<\/td>\n<\/tr>\n<tr valign=\"top\">\n<td width=\"265\" height=\"9\">\n<p align=\"center\"><span><b>TOTAL<\/b><\/span><\/p>\n<\/td>\n<td width=\"266\">\n<p align=\"center\"><span><b>100%<\/b><\/span><\/p>\n<\/td>\n<\/tr>\n<\/tbody>\n<\/table>\n<p>Startup Y ha tenido tal \u00e9xito que Fernando, un multimillonario, quiere comprar la sociedad, Juan y Roberto acceden a vender su participaci\u00f3n accionaria, sin embargo, Ana, Jos\u00e9 y Andrea no est\u00e1n de acuerdo.<\/p>\n<p>Fernando no est\u00e1 interesado en comprar solo el porcentaje de Juan y Roberto, sino que desea adquirir el 100% de la sociedad; Juan y Roberto ejercen su derecho Drag\u2013Along, al ser due\u00f1os, en conjunto, del 65% de las Acciones y obligan al resto de los socios a vender sus Acciones a Fernando bajo las mismas condiciones.<\/p>\n<h2>2. Tag Along<\/h2>\n<p><strong>\u00bfA qui\u00e9n protege?<\/strong><\/p>\n<p>Protege los intereses de los socios minoritarios.<\/p>\n<p><strong>\u00bfC\u00f3mo funciona?<\/strong><\/p>\n<p>Cuando un socio mayoritario decida vender sus Acciones, el Accionista minoritario podr\u00e1 unirse a dicha venta bajo las mismas condiciones.<\/p>\n<p>Es obligaci\u00f3n del socio mayoritario comunicar las condiciones de compra y conseguir el mismo trato a aquellos socios minoritarios que decidan unirse a la transacci\u00f3n.<\/p>\n<p>Un ejemplo:<br \/>\nJos\u00e9 y Andrea fundaron la Startup Y, despu\u00e9s de un tiempo recibieron una inversi\u00f3n por parte de Juan, Roberto y Ana, el porcentaje accionario qued\u00f3 de la siguiente forma:<\/p>\n<table width=\"561\" cellspacing=\"0\" cellpadding=\"7\">\n<colgroup>\n<col width=\"265\" \/>\n<col width=\"266\" \/> <\/colgroup>\n<tbody>\n<tr valign=\"top\">\n<td width=\"265\" height=\"9\">\n<p align=\"center\"><span><b>Accionista<\/b><\/span><\/p>\n<\/td>\n<td width=\"266\">\n<p align=\"center\"><span><b>Porcentaje<\/b><\/span><\/p>\n<\/td>\n<\/tr>\n<tr valign=\"top\">\n<td width=\"265\" height=\"10\">\n<p align=\"center\"><span>Andrea<\/span><\/p>\n<\/td>\n<td width=\"266\">\n<p align=\"center\"><span>15%<\/span><\/p>\n<\/td>\n<\/tr>\n<tr valign=\"top\">\n<td width=\"265\" height=\"10\">\n<p align=\"center\"><span>Jos\u00e9<\/span><\/p>\n<\/td>\n<td width=\"266\">\n<p align=\"center\"><span>15%<\/span><\/p>\n<\/td>\n<\/tr>\n<tr valign=\"top\">\n<td width=\"265\" height=\"10\">\n<p align=\"center\"><span>Juan<\/span><\/p>\n<\/td>\n<td width=\"266\">\n<p align=\"center\"><span>40%<\/span><\/p>\n<\/td>\n<\/tr>\n<tr valign=\"top\">\n<td width=\"265\" height=\"11\">\n<p align=\"center\"><span>Roberto<\/span><\/p>\n<\/td>\n<td width=\"266\">\n<p align=\"center\"><span>25%<\/span><\/p>\n<\/td>\n<\/tr>\n<tr valign=\"top\">\n<td width=\"265\" height=\"10\">\n<p align=\"center\"><span>Ana<\/span><\/p>\n<\/td>\n<td width=\"266\">\n<p align=\"center\"><span>5%<\/span><\/p>\n<\/td>\n<\/tr>\n<tr valign=\"top\">\n<td width=\"265\" height=\"9\">\n<p align=\"center\"><span><b>TOTAL<\/b><\/span><\/p>\n<\/td>\n<td width=\"266\">\n<p align=\"center\"><span><b>100%<\/b><\/span><\/p>\n<\/td>\n<\/tr>\n<\/tbody>\n<\/table>\n<p>Juan decide irse del pa\u00eds y quiere vender sus acciones, Fernando se interesa en comprarlas; Ana, al darse cuenta de que la oferta que le hicieron a Juan es realmente interesante, decide vender sus Acciones y obliga a Juan a conseguirle el mismo trato.<\/p>\n<p>Juntos, hacen una contraoferta a Fernando, en donde le ofrecen el 45% de la sociedad.<\/p>\n","protected":false},"excerpt":{"rendered":"<p>Drag Along y Tag Along Los derechos drag along (derecho de arrastre) y tag along (derecho de acompa\u00f1amiento),son mecanismos que protegen a los Accionistas de otros Accionistas en el momento en que surja la opci\u00f3n de venta de la sociedad o de sus propias Acciones. Como ya lo hemos mencionado, este tipo de mecanismos se [&hellip;]<\/p>\n","protected":false},"author":1,"featured_media":0,"parent":0,"menu_order":0,"comment_status":"closed","ping_status":"closed","template":"","meta":{"om_disable_all_campaigns":false,"_monsterinsights_skip_tracking":false,"_monsterinsights_sitenote_active":false,"_monsterinsights_sitenote_note":"","_monsterinsights_sitenote_category":0,"footnotes":""},"class_list":["post-81","page","type-page","status-publish","hentry"],"aioseo_notices":[],"_links":{"self":[{"href":"https:\/\/easylex.com\/startup101\/wp-json\/wp\/v2\/pages\/81","targetHints":{"allow":["GET"]}}],"collection":[{"href":"https:\/\/easylex.com\/startup101\/wp-json\/wp\/v2\/pages"}],"about":[{"href":"https:\/\/easylex.com\/startup101\/wp-json\/wp\/v2\/types\/page"}],"author":[{"embeddable":true,"href":"https:\/\/easylex.com\/startup101\/wp-json\/wp\/v2\/users\/1"}],"replies":[{"embeddable":true,"href":"https:\/\/easylex.com\/startup101\/wp-json\/wp\/v2\/comments?post=81"}],"version-history":[{"count":5,"href":"https:\/\/easylex.com\/startup101\/wp-json\/wp\/v2\/pages\/81\/revisions"}],"predecessor-version":[{"id":406,"href":"https:\/\/easylex.com\/startup101\/wp-json\/wp\/v2\/pages\/81\/revisions\/406"}],"wp:attachment":[{"href":"https:\/\/easylex.com\/startup101\/wp-json\/wp\/v2\/media?parent=81"}],"curies":[{"name":"wp","href":"https:\/\/api.w.org\/{rel}","templated":true}]}}