{"id":97,"date":"2018-09-18T03:08:20","date_gmt":"2018-09-18T03:08:20","guid":{"rendered":"https:\/\/easylex.000webhostapp.com\/?page_id=97"},"modified":"2020-08-26T21:35:19","modified_gmt":"2020-08-26T21:35:19","slug":"dilucion-y-antidilucion","status":"publish","type":"page","link":"https:\/\/easylex.com\/startup101\/dilucion-y-antidilucion\/","title":{"rendered":"Diluci\u00f3n y Antidiluci\u00f3n"},"content":{"rendered":"<h2>Diluci\u00f3n.<\/h2>\n<p>La diluci\u00f3n se refiere a la disminuci\u00f3n del porcentaje de Acciones de cada socio por la entrada de nuevos socios,<br \/>\n  supongamos que tu Startup tiene los siguientes Accionistas:<\/p>\n<table width=\"589\" cellspacing=\"0\" cellpadding=\"7\">\n<colgroup>\n<col width=\"280\" \/>\n<col width=\"280\" \/>\n  <\/colgroup>\n<tbody>\n<tr valign=\"top\">\n<td width=\"280\">\n<p align=\"center\"><b>ACCIONISTAS<\/b><\/p>\n<\/td>\n<td width=\"280\">\n<p align=\"center\"><b>PORCENTAJE<\/b><\/p>\n<\/td>\n<\/tr>\n<tr valign=\"top\">\n<td width=\"280\">\n<p align=\"center\">Andrea<\/p>\n<\/td>\n<td width=\"280\">\n<p align=\"center\">50%<\/p>\n<\/td>\n<\/tr>\n<tr valign=\"top\">\n<td width=\"280\">\n<p align=\"center\">Rodrigo<\/p>\n<\/td>\n<td width=\"280\">\n<p align=\"center\">30%<\/p>\n<\/td>\n<\/tr>\n<tr valign=\"top\">\n<td width=\"280\">\n<p align=\"center\">Javier<\/p>\n<\/td>\n<td width=\"280\">\n<p align=\"center\"><span style=\"color: #333333;\">20%<\/span>\n        <\/p>\n<\/td>\n<\/tr>\n<\/tbody>\n<\/table>\n<table width=\"589\" cellspacing=\"0\" cellpadding=\"7\">\n<colgroup>\n<col width=\"280\" \/>\n<col width=\"280\" \/>\n  <\/colgroup>\n<tbody>\n<tr valign=\"top\">\n<td width=\"280\">\n<p align=\"center\"><span style=\"color: #333333;\"><b>ACCIONISTAS<\/b><\/span><\/p>\n<\/td>\n<td width=\"280\">\n<p align=\"center\"><span style=\"color: #333333;\"><b>PORCENTAJE<\/b><\/span><\/p>\n<\/td>\n<\/tr>\n<tr valign=\"top\">\n<td width=\"280\">\n<p align=\"center\"><span style=\"color: #333333;\">Andrea<\/span><\/p>\n<\/td>\n<td width=\"280\">\n<p align=\"center\"><span style=\"color: #333333;\">42.5%<\/span><\/p>\n<\/td>\n<\/tr>\n<tr valign=\"top\">\n<td width=\"280\">\n<p align=\"center\"><span style=\"color: #333333;\">Rodrigo<\/span><\/p>\n<\/td>\n<td width=\"280\">\n<p align=\"center\"><span style=\"color: #333333;\">25.5%<\/span><\/p>\n<\/td>\n<\/tr>\n<tr valign=\"top\">\n<td width=\"280\">\n<p align=\"center\"><span style=\"color: #333333;\">Javier<\/span><\/p>\n<\/td>\n<td width=\"280\">\n<p align=\"center\"><span style=\"color: #333333;\">17%<\/span>\n        <\/p>\n<\/td>\n<\/tr>\n<tr valign=\"top\">\n<td width=\"280\">\n<p align=\"center\"><span style=\"color: #333333;\">Manuel<\/span><\/p>\n<\/td>\n<td width=\"280\">\n<p align=\"center\"><span style=\"color: #333333;\">15%<\/span>\n        <\/p>\n<\/td>\n<\/tr>\n<\/tbody>\n<\/table>\n<p>Cuando entr\u00f3 Manuel, el porcentaje de Andrea, Rodrigo y Javier tuvo que diluirse (disminuirse) para poder entregarle<br \/>\n  el 15% a Manuel.<\/p>\n<p><strong>\u00bfC\u00f3mo s\u00e9 cu\u00e1nto porcentaje debe diluirse cada Accionista?<\/strong><\/p>\n<p>Los Accionistas deben diluirse de forma proporcional, dependiendo del porcentaje al que sean due\u00f1os, en otras<br \/>\n  palabras, entre m\u00e1s porcentaje tengas, m\u00e1s tendr\u00e1s que diluirte. Siguiendo el ejemplo anterior:<\/p>\n<ul>\n<li>Andrea ten\u00eda el 50%, lo que quiere decir que a la entrada de Manuel, tuvo que diluirse el 50% de 15%, es decir, 7.5%.<\/li>\n<li>Rodrigo ten\u00eda el 30%, \u00e9l tuvo que diluirse el 30% de 15%, es decir, 4.5%<\/li>\n<li>Javier ten\u00eda el 20%, por lo que tuvo que diluirse el 20% de 15%, es decir, 3%.<\/li>\n<\/ul>\n<p><span style=\"text-align: center; display: block;\"><strong>7.5% + 4.5% + 3% = 15%<\/strong><\/span><\/p>\n<h2>Antidiluci\u00f3n<\/h2>\n<p>La cl\u00e1usula antidiluci\u00f3n protege a los inversionistas de sufrir una diluci\u00f3n en su porcentaje en caso de que se<br \/>\n  aumente el Capital a una valuaci\u00f3n de tu Startup menor que la del momento de su entrada.<br \/>\n  Concretamente, garantizar\u00e1 que los futuros aumentos de Capital no afecten el valor de las Acciones de los<br \/>\n  inversionistas anteriores a ese nuevo aumento.<\/p>\n<p>\u00bfConviene tener una cl\u00e1usula antidiluci\u00f3n?\u2026 como emprendedor, probablemente no, pero definitivamente protege a tu inversionista.<\/p>\n","protected":false},"excerpt":{"rendered":"<p>Diluci\u00f3n. La diluci\u00f3n se refiere a la disminuci\u00f3n del porcentaje de Acciones de cada socio por la entrada de nuevos socios, supongamos que tu Startup tiene los siguientes Accionistas: ACCIONISTAS PORCENTAJE Andrea 50% Rodrigo 30% Javier 20% ACCIONISTAS PORCENTAJE Andrea 42.5% Rodrigo 25.5% Javier 17% Manuel 15% Cuando entr\u00f3 Manuel, el porcentaje de Andrea, Rodrigo [&hellip;]<\/p>\n","protected":false},"author":1,"featured_media":0,"parent":0,"menu_order":0,"comment_status":"closed","ping_status":"closed","template":"","meta":{"om_disable_all_campaigns":false,"_monsterinsights_skip_tracking":false,"_monsterinsights_sitenote_active":false,"_monsterinsights_sitenote_note":"","_monsterinsights_sitenote_category":0,"footnotes":""},"class_list":["post-97","page","type-page","status-publish","hentry"],"aioseo_notices":[],"_links":{"self":[{"href":"https:\/\/easylex.com\/startup101\/wp-json\/wp\/v2\/pages\/97","targetHints":{"allow":["GET"]}}],"collection":[{"href":"https:\/\/easylex.com\/startup101\/wp-json\/wp\/v2\/pages"}],"about":[{"href":"https:\/\/easylex.com\/startup101\/wp-json\/wp\/v2\/types\/page"}],"author":[{"embeddable":true,"href":"https:\/\/easylex.com\/startup101\/wp-json\/wp\/v2\/users\/1"}],"replies":[{"embeddable":true,"href":"https:\/\/easylex.com\/startup101\/wp-json\/wp\/v2\/comments?post=97"}],"version-history":[{"count":8,"href":"https:\/\/easylex.com\/startup101\/wp-json\/wp\/v2\/pages\/97\/revisions"}],"predecessor-version":[{"id":408,"href":"https:\/\/easylex.com\/startup101\/wp-json\/wp\/v2\/pages\/97\/revisions\/408"}],"wp:attachment":[{"href":"https:\/\/easylex.com\/startup101\/wp-json\/wp\/v2\/media?parent=97"}],"curies":[{"name":"wp","href":"https:\/\/api.w.org\/{rel}","templated":true}]}}